{"id":25,"date":"2023-02-20T13:11:54","date_gmt":"2023-02-20T12:11:54","guid":{"rendered":"https:\/\/coffre-fort-forestier.com\/?page_id=25"},"modified":"2023-06-06T13:16:16","modified_gmt":"2023-06-06T11:16:16","slug":"notre-histoire","status":"publish","type":"page","link":"https:\/\/coffre-fort-forestier.com\/index.php\/notre-histoire\/","title":{"rendered":"Notre histoire"},"content":{"rendered":"\n<div style=\"height:30px\" aria-hidden=\"true\" class=\"wp-block-spacer\"><\/div>\n\n\n\n<p class=\"has-text-align-left\">L&rsquo;activit\u00e9 de la soci\u00e9t\u00e9 a commenc\u00e9 avant 1825 avec sa la serrurerie et depuis, la Maison Forestier n&rsquo;a cess\u00e9 de proposer de nouveaux proc\u00e9d\u00e9s en mati\u00e8re de s\u00e9curit\u00e9. <\/p>\n\n\n\n<p class=\"has-text-align-left\">Serrurier \u00e0 l&rsquo;origine, c&rsquo;est Forestier qui imagina et forgea la serrure ainsi que la cl\u00e9 du tombeau de Napol\u00e9on 1<sup>er<\/sup> en 1873. Parall\u00e8lement \u00e0 leur exp\u00e9rience de serrurier, les fr\u00e8res Forestier d\u00e9cident de se diversifier et proposent \u00e0 leur client\u00e8le de nouveaux types de coffres-forts, \u00e0 partir de 1850.<\/p>\n\n\n\n<p>Maison au savoir-faire r\u00e9put\u00e9, la soci\u00e9t\u00e9 Forestier propose aujourd&rsquo;hui une gamme tr\u00e8s \u00e9tendue de meubles de haute s\u00e9curit\u00e9 enti\u00e8rement con\u00e7us et fabriqu\u00e9s au sein de notre usine de Valines, dans la Somme (80). Tous les coffres-forts sont construits avec des proc\u00e9d\u00e9s modernes <em>(CFAO)<\/em> et r\u00e9pondent aux normes de s\u00e9curit\u00e9 en vigueur et font l&rsquo;objet de contr\u00f4les continus. <\/p>\n\n\n\n<div class=\"wp-block-columns is-layout-flex wp-container-core-columns-is-layout-28f84493 wp-block-columns-is-layout-flex\">\n<div class=\"wp-block-column is-vertically-aligned-center is-layout-flow wp-block-column-is-layout-flow\" style=\"flex-basis:50%\">\n<figure class=\"wp-block-image aligncenter size-full is-resized\"><img loading=\"lazy\" decoding=\"async\" src=\"https:\/\/coffre-fort-forestier.com\/wp-content\/uploads\/2023\/04\/cle-napoleon.jpg\" alt=\"\" class=\"wp-image-636\" width=\"366\" height=\"269\" srcset=\"https:\/\/coffre-fort-forestier.com\/wp-content\/uploads\/2023\/04\/cle-napoleon.jpg 607w, https:\/\/coffre-fort-forestier.com\/wp-content\/uploads\/2023\/04\/cle-napoleon-300x220.jpg 300w\" sizes=\"auto, (max-width: 366px) 100vw, 366px\" \/><\/figure>\n\n\n\n<p class=\"has-text-align-center\" style=\"font-size:10px\"><strong>Cl\u00e9 du tombeau de Napol\u00e9on Bonaparte<br><\/strong><em>La forure de la cl\u00e9 et le profil de la tige de broche du canon repr\u00e9sentent une croix <\/em><br><em>de la L\u00e9gion d&rsquo;Honneur<\/em>. La <em>serrure a \u00e9t\u00e9 r\u00e9alis\u00e9e par Hypolyte Forestier en 1873.<\/em><\/p>\n<\/div>\n\n\n\n<div class=\"wp-block-column is-layout-flow wp-block-column-is-layout-flow\" style=\"flex-basis:50%\">\n<figure class=\"wp-block-image aligncenter size-large is-resized\"><img loading=\"lazy\" decoding=\"async\" src=\"https:\/\/coffre-fort-forestier.com\/wp-content\/uploads\/2023\/04\/Capture-decran-2023-04-24-a-11.26.27-775x1024.png\" alt=\"\" class=\"wp-image-637\" width=\"281\" height=\"371\" srcset=\"https:\/\/coffre-fort-forestier.com\/wp-content\/uploads\/2023\/04\/Capture-decran-2023-04-24-a-11.26.27-775x1024.png 775w, https:\/\/coffre-fort-forestier.com\/wp-content\/uploads\/2023\/04\/Capture-decran-2023-04-24-a-11.26.27-227x300.png 227w, https:\/\/coffre-fort-forestier.com\/wp-content\/uploads\/2023\/04\/Capture-decran-2023-04-24-a-11.26.27-768x1015.png 768w, https:\/\/coffre-fort-forestier.com\/wp-content\/uploads\/2023\/04\/Capture-decran-2023-04-24-a-11.26.27.png 808w\" sizes=\"auto, (max-width: 281px) 100vw, 281px\" \/><\/figure>\n<\/div>\n<\/div>\n\n\n\n<div style=\"height:25px\" aria-hidden=\"true\" class=\"wp-block-spacer\"><\/div>\n\n\n\n<hr class=\"wp-block-separator has-text-color has-ast-global-color-1-color has-alpha-channel-opacity has-ast-global-color-1-background-color has-background is-style-wide\"\/>\n\n\n\n<div style=\"height:70px\" aria-hidden=\"true\" class=\"wp-block-spacer\"><\/div>\n\n\n\n<p>De ce fait, la soci\u00e9t\u00e9 Forestier peut r\u00e9pondre et adapter toutes ses fabrications aux besoins et aux mesures du client avec des \u00e9quipements de serrurerie <em>classiques<\/em> ou <em>\u00e9lectroniques<\/em> (clavier, retardateur, serrure horaire, \u00e9lectronique&#8230;.). Notre serrure \u00e0 cl\u00e9 double panneton 10 gorges est agr\u00e9\u00e9e Classe B A2PE par le CNPP, ainsi que nos fabrications de coffres forts, portes fortes et parois blind\u00e9es.<\/p>\n\n\n\n<div style=\"height:20px\" aria-hidden=\"true\" class=\"wp-block-spacer\"><\/div>\n\n\n\n<div class=\"wp-block-columns are-vertically-aligned-center is-layout-flex wp-container-core-columns-is-layout-28f84493 wp-block-columns-is-layout-flex\">\n<div class=\"wp-block-column is-vertically-aligned-center is-layout-flow wp-block-column-is-layout-flow\" style=\"flex-basis:33.33%\">\n<figure class=\"wp-block-image aligncenter size-full is-resized\"><img loading=\"lazy\" decoding=\"async\" src=\"https:\/\/coffre-fort-forestier.com\/wp-content\/uploads\/2023\/04\/A2P.png\" alt=\"\" class=\"wp-image-394\" width=\"309\" height=\"132\" srcset=\"https:\/\/coffre-fort-forestier.com\/wp-content\/uploads\/2023\/04\/A2P.png 592w, https:\/\/coffre-fort-forestier.com\/wp-content\/uploads\/2023\/04\/A2P-300x128.png 300w\" sizes=\"auto, (max-width: 309px) 100vw, 309px\" \/><\/figure>\n<\/div>\n\n\n\n<div class=\"wp-block-column is-vertically-aligned-center is-layout-flow wp-block-column-is-layout-flow\" style=\"flex-basis:66.66%\">\n<p class=\"has-text-align-right\"><strong><em>AGE Assurable 8.000\u20ac Classe CSE &#8211; Coffre de S\u00e9curit\u00e9 &#8211; Coupe Feu<br>JAG Assurable 25.000\u20ac Classe I &#8211; E &#8211; Coupe Feu<br>NG Assurable 35.000\u20ac Classe II &#8211; E<br>BC Assurable 55.000\u20ac Classe III &#8211; E<\/em><\/strong><\/p>\n\n\n\n<p class=\"has-text-align-left\"><strong><em>GP 4 Assurable 110.000\u20ac Classe IV &#8211; E<br>GP 5 Assurable 200.000\u20ac Classe V \u2013 E<br>Portes M\u00e9talliques Blind\u00e9es CR4 &amp; CR5<br>Parois pour Enceintes Techniques S\u00e9curis\u00e9es CR4 &amp; CR5<\/em><\/strong><\/p>\n<\/div>\n<\/div>\n\n\n\n<div style=\"height:70px\" aria-hidden=\"true\" class=\"wp-block-spacer\"><\/div>\n\n\n\n<hr class=\"wp-block-separator has-text-color has-ast-global-color-1-color has-alpha-channel-opacity has-ast-global-color-1-background-color has-background is-style-wide\"\/>\n\n\n\n<div style=\"height:100px\" aria-hidden=\"true\" class=\"wp-block-spacer\"><\/div>\n\n\n\n<h2 class=\"wp-block-heading\">Nos principales fabrications<\/h2>\n\n\n\n<div style=\"height:30px\" aria-hidden=\"true\" class=\"wp-block-spacer\"><\/div>\n\n\n\n<p class=\"has-text-align-center\"><strong>Toute fabrication sp\u00e9cifique sur demande, \u00ab\u00a0sur mesure\u00a0\u00bb, en fonction de vos besoins<\/strong> <strong>!<\/strong><\/p>\n\n\n\n<p class=\"has-text-align-center\"><strong>Plus de 400 r\u00e9f\u00e9rences fabriqu\u00e9es dans nos ateliers<\/strong>.<\/p>\n\n\n\n<div class=\"wp-block-columns are-vertically-aligned-center is-layout-flex wp-container-core-columns-is-layout-28f84493 wp-block-columns-is-layout-flex\">\n<div class=\"wp-block-column is-vertically-aligned-center is-layout-flow wp-block-column-is-layout-flow\">\n<p class=\"has-text-align-center\"><a href=\"https:\/\/coffre-fort-forestier.com\/index.php\/nos-produits-2\/nos-produits\/\">Coffres forts<\/a><\/p>\n\n\n\n<p class=\"has-text-align-center\"><a href=\"https:\/\/coffre-fort-forestier.com\/index.php\/nos-produits-2\/nos-coffres-forts-de-depots-et-de-transferts\/coffres-forts-de-depots\/\">Guichets blind\u00e9s<\/a><\/p>\n\n\n\n<p class=\"has-text-align-center\"><a href=\"https:\/\/coffre-fort-forestier.com\/index.php\/nos-produits-2\/nos-produits\/coffres-forts-a-emmurer\/\">Coffres \u00e0 emmurer<\/a><\/p>\n\n\n\n<p class=\"has-text-align-center\"><a href=\"https:\/\/coffre-fort-forestier.com\/index.php\/nos-produits-2\/nos-produits\/coffres-forts-a-emmurer\/\">Coffres tout acier \u00e0 emmurer<\/a><\/p>\n\n\n\n<p class=\"has-text-align-center\"><a href=\"https:\/\/coffre-fort-forestier.com\/index.php\/nos-produits-2\/nos-armoires-fortes\/armoires-fortes-de-securite\/\">Armoires fortes de bureau<\/a><\/p>\n\n\n\n<p class=\"has-text-align-center\"><a href=\"https:\/\/coffre-fort-forestier.com\/index.php\/nos-produits-2\/nos-armoires-fortes\/armoires-fortes-de-securite\/\">Armoires fortes de s\u00e9curit\u00e9<\/a><\/p>\n\n\n\n<p class=\"has-text-align-center\"><a href=\"https:\/\/coffre-fort-forestier.com\/index.php\/nos-produits-2\/nos-armoires-fortes\/armoires-fortes-de-securite-ignifuges-et-refractaires\/\">Armoires ignifuges<\/a><\/p>\n\n\n\n<p class=\"has-text-align-center\"><a href=\"https:\/\/coffre-fort-forestier.com\/index.php\/nos-produits-2\/nos-portes-blindees\/portes-metalliques-blindees-anti-effraction\/\">Portes blind\u00e9es<\/a><\/p>\n<\/div>\n\n\n\n<div class=\"wp-block-column is-vertically-aligned-center is-layout-flow wp-block-column-is-layout-flow\">\n<p class=\"has-text-align-center\"><a href=\"https:\/\/coffre-fort-forestier.com\/index.php\/nos-produits-2\/nos-coffres-forts-de-depots-et-de-transferts\/\">Coffres forts de transfert et d\u00e9 d\u00e9p\u00f4t de fond<\/a><\/p>\n\n\n\n<p class=\"has-text-align-center\"><a href=\"https:\/\/coffre-fort-forestier.com\/index.php\/nos-produits-2\/nos-coffres-forts-de-depots-et-de-transferts\/coffres-forts-de-depots\/\">Caisses escamotables<\/a><\/p>\n\n\n\n<p class=\"has-text-align-center\"><a href=\"https:\/\/coffre-fort-forestier.com\/index.php\/nos-produits-2\/nos-coffres-forts-de-depots-et-de-transferts\/boites-aux-lettres-securisees-boites-de-messagerie\/\">Bo\u00eetes aux lettres, bo\u00eete messagerie<\/a><\/p>\n\n\n\n<p class=\"has-text-align-center\"><a href=\"https:\/\/coffre-fort-forestier.com\/index.php\/nos-produits-2\/nos-produits\/coffres-forts-de-securite\/\">Coffres tout acier \u00e0 poser<\/a><\/p>\n\n\n\n<p class=\"has-text-align-center\"><a href=\"https:\/\/coffre-fort-forestier.com\/index.php\/nos-produits-2\/nos-armoires-fortes\/armoires-a-fusils\/\">Armoires \u00e0 fusils<\/a><\/p>\n\n\n\n<p class=\"has-text-align-center\"><a href=\"https:\/\/coffre-fort-forestier.com\/index.php\/nos-produits-2\/nos-armoires-fortes\/armoires-fortes-de-securite\/\">Armoires blind\u00e9es<\/a><\/p>\n\n\n\n<p class=\"has-text-align-center\"><a href=\"https:\/\/coffre-fort-forestier.com\/index.php\/nos-produits-2\/nos-armoires-fortes\/armoires-fortes-de-securite-ignifuges-et-refractaires\/\">Armoires r\u00e9fractaires<\/a><\/p>\n\n\n\n<p class=\"has-text-align-center\"><a href=\"https:\/\/coffre-fort-forestier.com\/index.php\/portes-blindees\/\">Portes fortes<\/a><\/p>\n<\/div>\n<\/div>\n\n\n\n<div style=\"height:15px\" aria-hidden=\"true\" class=\"wp-block-spacer\"><\/div>\n\n\n\n<p class=\"has-text-align-center\">Notre entreprise est \u00e9galement certifi\u00e9e ISO 9001 pour son syst\u00e8me de management de la qualit\u00e9. Pour obtenir ce r\u00e9sultat, nous fournissons constamment des efforts dans le but de satisfaire pleinement nos clients. Une d\u00e9marche volontaire de l&rsquo;entreprise : <br><strong>am\u00e9liorer notre efficacit\u00e9 et satisfaire davantage nos clients.<\/strong><\/p>\n\n\n\n<div style=\"height:100px\" aria-hidden=\"true\" class=\"wp-block-spacer\"><\/div>\n\n\n\n<hr class=\"wp-block-separator has-text-color has-ast-global-color-1-color has-alpha-channel-opacity has-ast-global-color-1-background-color has-background is-style-wide\"\/>\n\n\n\n<div class=\"inherit-container-width wp-block-group alignwide has-text-color has-background is-layout-constrained wp-block-group-is-layout-constrained\" style=\"color:#000000;background-color:#ffffff\">\n<h1 class=\"wp-block-heading has-text-align-center\" id=\"schedule-a-visit\"><strong>Une question ? <\/strong><\/h1>\n\n\n\n<div style=\"height:10px\" aria-hidden=\"true\" class=\"wp-block-spacer\"><\/div>\n\n\n\n<div class=\"wp-block-buttons alignwide is-horizontal is-content-justification-center is-layout-flex wp-container-core-buttons-is-layout-d68a6c7c wp-block-buttons-is-layout-flex\">\n<div class=\"wp-block-button has-custom-width wp-block-button__width-50 has-custom-font-size is-style-fill\" style=\"font-size:18px\"><a class=\"wp-block-button__link has-text-color has-background wp-element-button\" href=\"https:\/\/coffre-fort-forestier.com\/index.php\/nous-contacter\/\" style=\"border-radius:0px;color:#ffffff;background-color:#000000\" target=\"_blank\" rel=\"noreferrer noopener\"><strong>Contactez-nous<\/strong><\/a><\/div>\n<\/div>\n\n\n\n<div style=\"height:10px\" aria-hidden=\"true\" class=\"wp-block-spacer\"><\/div>\n\n\n\n<h2 class=\"wp-block-heading has-text-align-center\" style=\"font-style:normal;font-weight:400\"><strong>votre satisfaction est notre priorit\u00e9.<\/strong><\/h2>\n<\/div>\n\n\n\n<hr class=\"wp-block-separator has-text-color has-ast-global-color-1-color has-alpha-channel-opacity has-ast-global-color-1-background-color has-background is-style-wide\"\/>\n","protected":false},"excerpt":{"rendered":"<p>L&rsquo;activit\u00e9 de la soci\u00e9t\u00e9 a commenc\u00e9 avant 1825 avec sa la serrurerie et depuis, la Maison Forestier n&rsquo;a cess\u00e9 de proposer de nouveaux proc\u00e9d\u00e9s en mati\u00e8re de s\u00e9curit\u00e9. Serrurier \u00e0 l&rsquo;origine, c&rsquo;est Forestier qui imagina et forgea la serrure ainsi que la cl\u00e9 du tombeau de Napol\u00e9on 1er en 1873. Parall\u00e8lement \u00e0 leur exp\u00e9rience de &hellip;<\/p>\n<p class=\"read-more\"> <a class=\"\" href=\"https:\/\/coffre-fort-forestier.com\/index.php\/notre-histoire\/\"> <span class=\"screen-reader-text\">Notre histoire<\/span> Lire la suite\u00a0\u00bb<\/a><\/p>\n","protected":false},"author":1,"featured_media":0,"parent":0,"menu_order":0,"comment_status":"closed","ping_status":"closed","template":"","meta":{"site-sidebar-layout":"default","site-content-layout":"","ast-site-content-layout":"","site-content-style":"default","site-sidebar-style":"default","ast-global-header-display":"","ast-banner-title-visibility":"","ast-main-header-display":"","ast-hfb-above-header-display":"","ast-hfb-below-header-display":"","ast-hfb-mobile-header-display":"","site-post-title":"","ast-breadcrumbs-content":"","ast-featured-img":"","footer-sml-layout":"","theme-transparent-header-meta":"","adv-header-id-meta":"","stick-header-meta":"","header-above-stick-meta":"","header-main-stick-meta":"","header-below-stick-meta":"","astra-migrate-meta-layouts":"","ast-page-background-enabled":"default","ast-page-background-meta":{"desktop":{"background-color":"var(--ast-global-color-4)","background-image":"","background-repeat":"repeat","background-position":"center center","background-size":"auto","background-attachment":"scroll","background-type":"","background-media":"","overlay-type":"","overlay-color":"","overlay-gradient":""},"tablet":{"background-color":"","background-image":"","background-repeat":"repeat","background-position":"center center","background-size":"auto","background-attachment":"scroll","background-type":"","background-media":"","overlay-type":"","overlay-color":"","overlay-gradient":""},"mobile":{"background-color":"","background-image":"","background-repeat":"repeat","background-position":"center center","background-size":"auto","background-attachment":"scroll","background-type":"","background-media":"","overlay-type":"","overlay-color":"","overlay-gradient":""}},"ast-content-background-meta":{"desktop":{"background-color":"var(--ast-global-color-5)","background-image":"","background-repeat":"repeat","background-position":"center center","background-size":"auto","background-attachment":"scroll","background-type":"","background-media":"","overlay-type":"","overlay-color":"","overlay-gradient":""},"tablet":{"background-color":"var(--ast-global-color-5)","background-image":"","background-repeat":"repeat","background-position":"center center","background-size":"auto","background-attachment":"scroll","background-type":"","background-media":"","overlay-type":"","overlay-color":"","overlay-gradient":""},"mobile":{"background-color":"var(--ast-global-color-5)","background-image":"","background-repeat":"repeat","background-position":"center center","background-size":"auto","background-attachment":"scroll","background-type":"","background-media":"","overlay-type":"","overlay-color":"","overlay-gradient":""}},"footnotes":""},"class_list":["post-25","page","type-page","status-publish","hentry"],"_links":{"self":[{"href":"https:\/\/coffre-fort-forestier.com\/index.php\/wp-json\/wp\/v2\/pages\/25","targetHints":{"allow":["GET"]}}],"collection":[{"href":"https:\/\/coffre-fort-forestier.com\/index.php\/wp-json\/wp\/v2\/pages"}],"about":[{"href":"https:\/\/coffre-fort-forestier.com\/index.php\/wp-json\/wp\/v2\/types\/page"}],"author":[{"embeddable":true,"href":"https:\/\/coffre-fort-forestier.com\/index.php\/wp-json\/wp\/v2\/users\/1"}],"replies":[{"embeddable":true,"href":"https:\/\/coffre-fort-forestier.com\/index.php\/wp-json\/wp\/v2\/comments?post=25"}],"version-history":[{"count":47,"href":"https:\/\/coffre-fort-forestier.com\/index.php\/wp-json\/wp\/v2\/pages\/25\/revisions"}],"predecessor-version":[{"id":825,"href":"https:\/\/coffre-fort-forestier.com\/index.php\/wp-json\/wp\/v2\/pages\/25\/revisions\/825"}],"wp:attachment":[{"href":"https:\/\/coffre-fort-forestier.com\/index.php\/wp-json\/wp\/v2\/media?parent=25"}],"curies":[{"name":"wp","href":"https:\/\/api.w.org\/{rel}","templated":true}]}}