{"id":272,"date":"2023-03-28T22:41:59","date_gmt":"2023-03-28T20:41:59","guid":{"rendered":"https:\/\/coffre-fort-forestier.com\/?page_id=272"},"modified":"2023-05-29T22:42:39","modified_gmt":"2023-05-29T20:42:39","slug":"depot-consigne-commercant-et-compartiment-de-location","status":"publish","type":"page","link":"https:\/\/coffre-fort-forestier.com\/index.php\/nos-produits-2\/nos-coffres-forts-de-depots-et-de-transferts\/depot-consigne-commercant-et-compartiment-de-location\/","title":{"rendered":"D\u00e9p\u00f4t de consignes et compartiments de location"},"content":{"rendered":"\n<div style=\"height:50px\" aria-hidden=\"true\" class=\"wp-block-spacer\"><\/div>\n\n\n\n<hr class=\"wp-block-separator has-text-color has-ast-global-color-1-color has-alpha-channel-opacity has-ast-global-color-1-background-color has-background is-style-wide\"\/>\n\n\n\n<div style=\"height:50px\" aria-hidden=\"true\" class=\"wp-block-spacer\"><\/div>\n\n\n\n<div class=\"wp-block-columns alignwide is-layout-flex wp-container-core-columns-is-layout-d2da2050 wp-block-columns-is-layout-flex\" style=\"margin-bottom:0\">\n<div class=\"wp-block-column is-vertically-aligned-center has-ast-global-color-5-color has-ast-global-color-0-background-color has-text-color has-background has-link-color wp-elements-772613a0d9f880b11ece50c11e961a9b is-layout-flow wp-block-column-is-layout-flow\" style=\"padding-top:2em;padding-right:2em;padding-bottom:2em;padding-left:2em\">\n<h5 class=\"wp-block-heading has-text-align-center has-ast-global-color-5-color has-text-color\" id=\"single\" style=\"margin-top:8px;margin-right:8px;margin-bottom:8px;margin-left:8px\"><strong>D\u00c9P\u00d4T DE CONSIGNES COMMER\u00c7ANTS<\/strong><\/h5>\n\n\n\n<h6 class=\"wp-block-heading has-text-align-center has-ast-global-color-5-color has-text-color\" id=\"single\"><em><strong><strong>POUR LES BANQUES ET LES ADMINISTRATIONS<\/strong><\/strong><\/em><\/h6>\n\n\n\n<hr class=\"wp-block-separator has-text-color has-ast-global-color-5-color has-alpha-channel-opacity has-ast-global-color-5-background-color has-background is-style-wide\"\/>\n\n\n\n\n\n<div class=\"wp-block-buttons alignfull is-horizontal is-content-justification-center is-layout-flex wp-container-core-buttons-is-layout-03627597 wp-block-buttons-is-layout-flex\">\n<div class=\"wp-block-button has-custom-width wp-block-button__width-50\"><a class=\"wp-block-button__link has-ast-global-color-2-color has-ast-global-color-5-background-color has-text-color has-background wp-element-button\">Voir la fiche produit<\/a><\/div>\n<\/div>\n<\/div>\n\n\n\n<div class=\"wp-block-column is-vertically-aligned-center has-ast-global-color-5-color has-ast-global-color-0-background-color has-text-color has-background has-link-color wp-elements-12c4983394b3530b4133f42f60f6fa13 is-layout-flow wp-block-column-is-layout-flow\" style=\"padding-top:2em;padding-right:2em;padding-bottom:2em;padding-left:2em\">\n<h5 class=\"wp-block-heading has-text-align-center has-ast-global-color-5-color has-text-color\" id=\"single\" style=\"margin-top:8px;margin-right:8px;margin-bottom:8px;margin-left:8px\"><strong>COMPARTIMENTS DE LOCATION<\/strong><\/h5>\n\n\n\n<h6 class=\"wp-block-heading has-text-align-center has-ast-global-color-5-color has-text-color\" id=\"single\"><strong><em><strong><em><em><strong><strong><em><strong><strong>POUR LES BANQUES ET LES H\u00d4TELS<\/strong><\/strong><\/em><\/strong><\/strong><\/em><\/em><\/strong><\/em><\/strong><\/h6>\n\n\n\n<hr class=\"wp-block-separator has-text-color has-ast-global-color-5-color has-alpha-channel-opacity has-ast-global-color-5-background-color has-background is-style-wide\"\/>\n\n\n\n\n\n<div class=\"wp-block-buttons alignfull is-horizontal is-content-justification-center is-layout-flex wp-container-core-buttons-is-layout-03627597 wp-block-buttons-is-layout-flex\">\n<div class=\"wp-block-button has-custom-width wp-block-button__width-50\"><a class=\"wp-block-button__link has-ast-global-color-2-color has-ast-global-color-5-background-color has-text-color has-background wp-element-button\">Voir la fiche produit<\/a><\/div>\n<\/div>\n<\/div>\n<\/div>\n\n\n\n<div style=\"height:100px\" aria-hidden=\"true\" class=\"wp-block-spacer\"><\/div>\n\n\n\n<hr class=\"wp-block-separator has-text-color has-ast-global-color-1-color has-alpha-channel-opacity has-ast-global-color-1-background-color has-background is-style-wide\"\/>\n\n\n\n<div class=\"inherit-container-width wp-block-group alignfull has-text-color has-background is-layout-constrained wp-block-group-is-layout-constrained\" style=\"color:#000000;background-color:#ffffff\">\n<p class=\"has-text-align-center\" style=\"font-size:16px;line-height:.9\"><strong><em>VOTRE SATISFACTION EST NOTRE PRIORIT\u00c9<\/em><\/strong><\/p>\n\n\n\n<div style=\"height:10px\" aria-hidden=\"true\" class=\"wp-block-spacer\"><\/div>\n\n\n\n<h3 class=\"wp-block-heading has-text-align-center\" id=\"schedule-a-visit\" style=\"font-size:48px;line-height:1.15\">BESOIN D&rsquo;un DEVIS sur mesure ?<\/h3>\n\n\n\n<div style=\"height:10px\" aria-hidden=\"true\" class=\"wp-block-spacer\"><\/div>\n\n\n\n<div class=\"wp-block-buttons is-horizontal is-content-justification-center is-layout-flex wp-container-core-buttons-is-layout-03627597 wp-block-buttons-is-layout-flex\">\n<div class=\"wp-block-button has-custom-width wp-block-button__width-25 is-style-fill\"><a class=\"wp-block-button__link has-text-color has-background wp-element-button\" href=\"https:\/\/coffre-fort-forestier.com\/index.php\/nous-contacter\/\" style=\"border-radius:0px;color:#ffffff;background-color:#000000\" target=\"_blank\" rel=\"noreferrer noopener\">Contactez-nous<\/a><\/div>\n<\/div>\n<\/div>\n\n\n\n<hr class=\"wp-block-separator has-text-color has-ast-global-color-1-color has-alpha-channel-opacity has-ast-global-color-1-background-color has-background is-style-wide\"\/>\n","protected":false},"excerpt":{"rendered":"<p>D\u00c9P\u00d4T DE CONSIGNES COMMER\u00c7ANTS POUR LES BANQUES ET LES ADMINISTRATIONS COMPARTIMENTS DE LOCATION POUR LES BANQUES ET LES H\u00d4TELS VOTRE SATISFACTION EST NOTRE PRIORIT\u00c9 BESOIN D&rsquo;un DEVIS sur mesure ?<\/p>\n","protected":false},"author":1,"featured_media":0,"parent":266,"menu_order":0,"comment_status":"closed","ping_status":"closed","template":"","meta":{"site-sidebar-layout":"default","site-content-layout":"","ast-site-content-layout":"","site-content-style":"default","site-sidebar-style":"default","ast-global-header-display":"","ast-banner-title-visibility":"","ast-main-header-display":"","ast-hfb-above-header-display":"","ast-hfb-below-header-display":"","ast-hfb-mobile-header-display":"","site-post-title":"","ast-breadcrumbs-content":"","ast-featured-img":"","footer-sml-layout":"","theme-transparent-header-meta":"","adv-header-id-meta":"","stick-header-meta":"","header-above-stick-meta":"","header-main-stick-meta":"","header-below-stick-meta":"","astra-migrate-meta-layouts":"","ast-page-background-enabled":"default","ast-page-background-meta":{"desktop":{"background-color":"var(--ast-global-color-4)","background-image":"","background-repeat":"repeat","background-position":"center center","background-size":"auto","background-attachment":"scroll","background-type":"","background-media":"","overlay-type":"","overlay-color":"","overlay-gradient":""},"tablet":{"background-color":"","background-image":"","background-repeat":"repeat","background-position":"center center","background-size":"auto","background-attachment":"scroll","background-type":"","background-media":"","overlay-type":"","overlay-color":"","overlay-gradient":""},"mobile":{"background-color":"","background-image":"","background-repeat":"repeat","background-position":"center center","background-size":"auto","background-attachment":"scroll","background-type":"","background-media":"","overlay-type":"","overlay-color":"","overlay-gradient":""}},"ast-content-background-meta":{"desktop":{"background-color":"var(--ast-global-color-5)","background-image":"","background-repeat":"repeat","background-position":"center center","background-size":"auto","background-attachment":"scroll","background-type":"","background-media":"","overlay-type":"","overlay-color":"","overlay-gradient":""},"tablet":{"background-color":"var(--ast-global-color-5)","background-image":"","background-repeat":"repeat","background-position":"center center","background-size":"auto","background-attachment":"scroll","background-type":"","background-media":"","overlay-type":"","overlay-color":"","overlay-gradient":""},"mobile":{"background-color":"var(--ast-global-color-5)","background-image":"","background-repeat":"repeat","background-position":"center center","background-size":"auto","background-attachment":"scroll","background-type":"","background-media":"","overlay-type":"","overlay-color":"","overlay-gradient":""}},"footnotes":""},"class_list":["post-272","page","type-page","status-publish","hentry"],"_links":{"self":[{"href":"https:\/\/coffre-fort-forestier.com\/index.php\/wp-json\/wp\/v2\/pages\/272","targetHints":{"allow":["GET"]}}],"collection":[{"href":"https:\/\/coffre-fort-forestier.com\/index.php\/wp-json\/wp\/v2\/pages"}],"about":[{"href":"https:\/\/coffre-fort-forestier.com\/index.php\/wp-json\/wp\/v2\/types\/page"}],"author":[{"embeddable":true,"href":"https:\/\/coffre-fort-forestier.com\/index.php\/wp-json\/wp\/v2\/users\/1"}],"replies":[{"embeddable":true,"href":"https:\/\/coffre-fort-forestier.com\/index.php\/wp-json\/wp\/v2\/comments?post=272"}],"version-history":[{"count":8,"href":"https:\/\/coffre-fort-forestier.com\/index.php\/wp-json\/wp\/v2\/pages\/272\/revisions"}],"predecessor-version":[{"id":775,"href":"https:\/\/coffre-fort-forestier.com\/index.php\/wp-json\/wp\/v2\/pages\/272\/revisions\/775"}],"up":[{"embeddable":true,"href":"https:\/\/coffre-fort-forestier.com\/index.php\/wp-json\/wp\/v2\/pages\/266"}],"wp:attachment":[{"href":"https:\/\/coffre-fort-forestier.com\/index.php\/wp-json\/wp\/v2\/media?parent=272"}],"curies":[{"name":"wp","href":"https:\/\/api.w.org\/{rel}","templated":true}]}}