{"id":278,"date":"2023-03-28T22:44:04","date_gmt":"2023-03-28T20:44:04","guid":{"rendered":"https:\/\/coffre-fort-forestier.com\/?page_id=278"},"modified":"2023-07-13T13:55:07","modified_gmt":"2023-07-13T11:55:07","slug":"nos-produits-2","status":"publish","type":"page","link":"https:\/\/coffre-fort-forestier.com\/index.php\/nos-produits-2\/","title":{"rendered":"NOS PRODUITS"},"content":{"rendered":"\n<div style=\"height:20px\" aria-hidden=\"true\" class=\"wp-block-spacer\"><\/div>\n\n\n\n<p><span>Depuis 1825, notre usine Forestier fabrique des coffres forts, des armoires fortes, des portes blind\u00e9es ainsi que des serrures de coffres forts.<\/span><\/p>\n\n\n\n<p>Notre S.A.V et les revendeurs de nos produits <em>Forestier<\/em> sont disponibles dans toute la France.<\/p>\n\n\n\n<p><em>Forestier<\/em> r\u00e9alise sur demande toutes fabrications sp\u00e9cifiques. Ci-dessous, vous d\u00e9couvrirez plusieurs de nos produits mais sachez que notre souplesse de production nous permet de vous proposer des solutions s\u00e9curis\u00e9es et adapt\u00e9es \u00e0 vos besoins. <\/p>\n\n\n\n<p>Pour nous faire part de votre demande, contactez-nous : <strong><a rel=\"noreferrer noopener\" href=\"https:\/\/coffre-fort-forestier.com\/index.php\/nous-contacter\/\" data-type=\"URL\" data-id=\"https:\/\/coffre-fort-forestier.com\/index.php\/nous-contacter\/\" target=\"_blank\">ici<\/a><\/strong>.<\/p>\n\n\n\n<div style=\"height:65px\" aria-hidden=\"true\" class=\"wp-block-spacer\"><\/div>\n\n\n\n<hr class=\"wp-block-separator aligncenter has-text-color has-ast-global-color-1-color has-alpha-channel-opacity has-ast-global-color-1-background-color has-background is-style-wide\"\/>\n\n\n\n<div style=\"height:65px\" aria-hidden=\"true\" class=\"wp-block-spacer\"><\/div>\n\n\n\n<div class=\"wp-block-columns are-vertically-aligned-center is-layout-flex wp-container-core-columns-is-layout-d2da2050 wp-block-columns-is-layout-flex\" style=\"margin-bottom:0\">\n<div class=\"wp-block-column is-vertically-aligned-center has-ast-global-color-5-color has-ast-global-color-0-background-color has-text-color has-background has-link-color wp-elements-9b6c495c5d2e8737ac02b03867ac800e is-layout-flow wp-block-column-is-layout-flow\" style=\"padding-top:2em;padding-right:2em;padding-bottom:2em;padding-left:2em\">\n<h6 class=\"wp-block-heading has-text-align-center has-ast-global-color-5-color has-text-color\" id=\"single\" style=\"padding-top:5px;padding-right:5px;padding-bottom:5px;padding-left:5px;font-size:12px\"><strong>Nos coffres forts<\/strong><\/h6>\n\n\n\n<hr class=\"wp-block-separator has-text-color has-ast-global-color-5-color has-alpha-channel-opacity has-ast-global-color-5-background-color has-background is-style-wide\"\/>\n\n\n\n<figure class=\"wp-block-image aligncenter size-full\"><a href=\"https:\/\/coffre-fort-forestier.com\/index.php\/nos-produits-2\/nos-produits\/\"><img loading=\"lazy\" decoding=\"async\" width=\"200\" height=\"200\" src=\"https:\/\/coffre-fort-forestier.com\/wp-content\/uploads\/2023\/04\/TA126.jpg\" alt=\"\" class=\"wp-image-593\" srcset=\"https:\/\/coffre-fort-forestier.com\/wp-content\/uploads\/2023\/04\/TA126.jpg 200w, https:\/\/coffre-fort-forestier.com\/wp-content\/uploads\/2023\/04\/TA126-150x150.jpg 150w\" sizes=\"auto, (max-width: 200px) 100vw, 200px\" \/><\/a><\/figure>\n<\/div>\n\n\n\n<div class=\"wp-block-column is-vertically-aligned-center has-ast-global-color-5-color has-ast-global-color-0-background-color has-text-color has-background has-link-color wp-elements-630e2249d3d17b5e3826160bef8eab26 is-layout-flow wp-block-column-is-layout-flow\" style=\"padding-top:2em;padding-right:2em;padding-bottom:2em;padding-left:2em\">\n<h6 class=\"wp-block-heading has-text-align-center has-ast-global-color-5-color has-text-color\" id=\"single\" style=\"padding-top:5px;padding-right:5px;padding-bottom:5px;padding-left:5px;font-size:12px\">nos <strong><strong>Coffres forts de d\u00e9p\u00f4ts et de transferts<\/strong><\/strong><\/h6>\n\n\n\n<hr class=\"wp-block-separator has-text-color has-ast-global-color-5-color has-alpha-channel-opacity has-ast-global-color-5-background-color has-background is-style-wide\"\/>\n\n\n\n<figure class=\"wp-block-image aligncenter size-full\"><a href=\"https:\/\/coffre-fort-forestier.com\/index.php\/nos-produits-2\/nos-coffres-forts-de-depots-et-de-transferts\/\" target=\"_blank\" rel=\"noreferrer noopener\"><img loading=\"lazy\" decoding=\"async\" width=\"200\" height=\"200\" src=\"https:\/\/coffre-fort-forestier.com\/wp-content\/uploads\/2023\/03\/COFFRE-FORT-DE-DEPOT.jpg\" alt=\"\" class=\"wp-image-241\" srcset=\"https:\/\/coffre-fort-forestier.com\/wp-content\/uploads\/2023\/03\/COFFRE-FORT-DE-DEPOT.jpg 200w, https:\/\/coffre-fort-forestier.com\/wp-content\/uploads\/2023\/03\/COFFRE-FORT-DE-DEPOT-150x150.jpg 150w\" sizes=\"auto, (max-width: 200px) 100vw, 200px\" \/><\/a><\/figure>\n<\/div>\n<\/div>\n\n\n\n<div class=\"wp-block-columns are-vertically-aligned-center is-layout-flex wp-container-core-columns-is-layout-d2da2050 wp-block-columns-is-layout-flex\" style=\"margin-bottom:0\">\n<div class=\"wp-block-column is-vertically-aligned-center has-ast-global-color-5-color has-ast-global-color-0-background-color has-text-color has-background has-link-color wp-elements-0636fc2ce66535d114ce762e4f17cb55 is-layout-flow wp-block-column-is-layout-flow\" style=\"padding-top:2em;padding-right:2em;padding-bottom:2em;padding-left:2em\">\n<h6 class=\"wp-block-heading has-text-align-center has-ast-global-color-5-color has-text-color\" id=\"single\" style=\"padding-top:5px;padding-right:5px;padding-bottom:5px;padding-left:5px;font-size:12px\"><strong>Nos armoires fortes<\/strong><\/h6>\n\n\n\n<hr class=\"wp-block-separator has-text-color has-ast-global-color-5-color has-alpha-channel-opacity has-ast-global-color-5-background-color has-background is-style-wide\"\/>\n\n\n\n<figure class=\"wp-block-image aligncenter size-full\"><a href=\"https:\/\/coffre-fort-forestier.com\/index.php\/nos-produits-2\/nos-armoires-fortes\/\"><img loading=\"lazy\" decoding=\"async\" width=\"200\" height=\"200\" src=\"https:\/\/coffre-fort-forestier.com\/wp-content\/uploads\/2023\/03\/ARMOIRE-FORTE-DE-SECURITE-AFSE.jpg\" alt=\"\" class=\"wp-image-225\" srcset=\"https:\/\/coffre-fort-forestier.com\/wp-content\/uploads\/2023\/03\/ARMOIRE-FORTE-DE-SECURITE-AFSE.jpg 200w, https:\/\/coffre-fort-forestier.com\/wp-content\/uploads\/2023\/03\/ARMOIRE-FORTE-DE-SECURITE-AFSE-150x150.jpg 150w\" sizes=\"auto, (max-width: 200px) 100vw, 200px\" \/><\/a><\/figure>\n<\/div>\n\n\n\n<div class=\"wp-block-column is-vertically-aligned-center has-ast-global-color-5-color has-ast-global-color-0-background-color has-text-color has-background has-link-color wp-elements-565473c8d8c46b959dcc54695d294a8e is-layout-flow wp-block-column-is-layout-flow\" style=\"padding-top:2em;padding-right:2em;padding-bottom:2em;padding-left:2em\">\n<h6 class=\"wp-block-heading has-text-align-center has-ast-global-color-5-color has-text-color\" id=\"single\" style=\"padding-top:5px;padding-right:5px;padding-bottom:5px;padding-left:5px;font-size:12px\">nos portes fortes<\/h6>\n\n\n\n<hr class=\"wp-block-separator has-text-color has-ast-global-color-5-color has-alpha-channel-opacity has-ast-global-color-5-background-color has-background is-style-wide\"\/>\n\n\n\n<figure class=\"wp-block-image aligncenter size-full\"><a href=\"https:\/\/coffre-fort-forestier.com\/index.php\/nos-produits-2\/nos-portes-blindees\/\" target=\"_blank\" rel=\"noreferrer noopener\"><img loading=\"lazy\" decoding=\"async\" width=\"200\" height=\"200\" src=\"https:\/\/coffre-fort-forestier.com\/wp-content\/uploads\/2023\/03\/PORTE-FORTE-BLINDEE.jpg\" alt=\"\" class=\"wp-image-247\" srcset=\"https:\/\/coffre-fort-forestier.com\/wp-content\/uploads\/2023\/03\/PORTE-FORTE-BLINDEE.jpg 200w, https:\/\/coffre-fort-forestier.com\/wp-content\/uploads\/2023\/03\/PORTE-FORTE-BLINDEE-150x150.jpg 150w\" sizes=\"auto, (max-width: 200px) 100vw, 200px\" \/><\/a><\/figure>\n<\/div>\n<\/div>\n\n\n\n<div style=\"height:65px\" aria-hidden=\"true\" class=\"wp-block-spacer\"><\/div>\n\n\n\n<hr class=\"wp-block-separator aligncenter has-text-color has-ast-global-color-1-color has-alpha-channel-opacity has-ast-global-color-1-background-color has-background is-style-wide\"\/>\n\n\n\n<div class=\"inherit-container-width wp-block-group alignfull has-text-color has-background is-layout-constrained wp-block-group-is-layout-constrained\" style=\"color:#000000;background-color:#ffffff\">\n<p class=\"has-text-align-center\" style=\"font-size:16px;line-height:.9\"><strong><em>VOTRE SATISFACTION EST NOTRE PRIORIT\u00c9<\/em><\/strong><\/p>\n\n\n\n<div style=\"height:10px\" aria-hidden=\"true\" class=\"wp-block-spacer\"><\/div>\n\n\n\n<h3 class=\"wp-block-heading has-text-align-center\" id=\"schedule-a-visit\" style=\"font-size:48px;line-height:1.15\">BESOIN D&rsquo;un DEVIS sur mesure ?<\/h3>\n\n\n\n<div style=\"height:10px\" aria-hidden=\"true\" class=\"wp-block-spacer\"><\/div>\n\n\n\n<div class=\"wp-block-buttons is-horizontal is-content-justification-center is-layout-flex wp-container-core-buttons-is-layout-03627597 wp-block-buttons-is-layout-flex\">\n<div class=\"wp-block-button has-custom-width wp-block-button__width-25 is-style-fill\"><a class=\"wp-block-button__link has-text-color has-background wp-element-button\" href=\"https:\/\/coffre-fort-forestier.com\/index.php\/nous-contacter\/\" style=\"border-radius:0px;color:#ffffff;background-color:#000000\" target=\"_blank\" rel=\"noreferrer noopener\">Contactez-nous<\/a><\/div>\n<\/div>\n<\/div>\n\n\n\n<hr class=\"wp-block-separator aligncenter has-text-color has-ast-global-color-1-color has-alpha-channel-opacity has-ast-global-color-1-background-color has-background is-style-wide\"\/>\n","protected":false},"excerpt":{"rendered":"<p>Depuis 1825, notre usine Forestier fabrique des coffres forts, des armoires fortes, des portes blind\u00e9es ainsi que des serrures de coffres forts. Notre S.A.V et les revendeurs de nos produits Forestier sont disponibles dans toute la France. Forestier r\u00e9alise sur demande toutes fabrications sp\u00e9cifiques. Ci-dessous, vous d\u00e9couvrirez plusieurs de nos produits mais sachez que notre &hellip;<\/p>\n<p class=\"read-more\"> <a class=\"\" href=\"https:\/\/coffre-fort-forestier.com\/index.php\/nos-produits-2\/\"> <span class=\"screen-reader-text\">NOS PRODUITS<\/span> Lire la suite\u00a0\u00bb<\/a><\/p>\n","protected":false},"author":1,"featured_media":0,"parent":0,"menu_order":0,"comment_status":"closed","ping_status":"closed","template":"","meta":{"site-sidebar-layout":"default","site-content-layout":"","ast-site-content-layout":"","site-content-style":"default","site-sidebar-style":"default","ast-global-header-display":"","ast-banner-title-visibility":"","ast-main-header-display":"","ast-hfb-above-header-display":"","ast-hfb-below-header-display":"","ast-hfb-mobile-header-display":"","site-post-title":"","ast-breadcrumbs-content":"","ast-featured-img":"","footer-sml-layout":"","theme-transparent-header-meta":"","adv-header-id-meta":"","stick-header-meta":"","header-above-stick-meta":"","header-main-stick-meta":"","header-below-stick-meta":"","astra-migrate-meta-layouts":"","ast-page-background-enabled":"default","ast-page-background-meta":{"desktop":{"background-color":"var(--ast-global-color-4)","background-image":"","background-repeat":"repeat","background-position":"center center","background-size":"auto","background-attachment":"scroll","background-type":"","background-media":"","overlay-type":"","overlay-color":"","overlay-gradient":""},"tablet":{"background-color":"","background-image":"","background-repeat":"repeat","background-position":"center center","background-size":"auto","background-attachment":"scroll","background-type":"","background-media":"","overlay-type":"","overlay-color":"","overlay-gradient":""},"mobile":{"background-color":"","background-image":"","background-repeat":"repeat","background-position":"center center","background-size":"auto","background-attachment":"scroll","background-type":"","background-media":"","overlay-type":"","overlay-color":"","overlay-gradient":""}},"ast-content-background-meta":{"desktop":{"background-color":"var(--ast-global-color-5)","background-image":"","background-repeat":"repeat","background-position":"center center","background-size":"auto","background-attachment":"scroll","background-type":"","background-media":"","overlay-type":"","overlay-color":"","overlay-gradient":""},"tablet":{"background-color":"var(--ast-global-color-5)","background-image":"","background-repeat":"repeat","background-position":"center center","background-size":"auto","background-attachment":"scroll","background-type":"","background-media":"","overlay-type":"","overlay-color":"","overlay-gradient":""},"mobile":{"background-color":"var(--ast-global-color-5)","background-image":"","background-repeat":"repeat","background-position":"center center","background-size":"auto","background-attachment":"scroll","background-type":"","background-media":"","overlay-type":"","overlay-color":"","overlay-gradient":""}},"footnotes":""},"class_list":["post-278","page","type-page","status-publish","hentry"],"_links":{"self":[{"href":"https:\/\/coffre-fort-forestier.com\/index.php\/wp-json\/wp\/v2\/pages\/278","targetHints":{"allow":["GET"]}}],"collection":[{"href":"https:\/\/coffre-fort-forestier.com\/index.php\/wp-json\/wp\/v2\/pages"}],"about":[{"href":"https:\/\/coffre-fort-forestier.com\/index.php\/wp-json\/wp\/v2\/types\/page"}],"author":[{"embeddable":true,"href":"https:\/\/coffre-fort-forestier.com\/index.php\/wp-json\/wp\/v2\/users\/1"}],"replies":[{"embeddable":true,"href":"https:\/\/coffre-fort-forestier.com\/index.php\/wp-json\/wp\/v2\/comments?post=278"}],"version-history":[{"count":25,"href":"https:\/\/coffre-fort-forestier.com\/index.php\/wp-json\/wp\/v2\/pages\/278\/revisions"}],"predecessor-version":[{"id":851,"href":"https:\/\/coffre-fort-forestier.com\/index.php\/wp-json\/wp\/v2\/pages\/278\/revisions\/851"}],"wp:attachment":[{"href":"https:\/\/coffre-fort-forestier.com\/index.php\/wp-json\/wp\/v2\/media?parent=278"}],"curies":[{"name":"wp","href":"https:\/\/api.w.org\/{rel}","templated":true}]}}