{"id":285,"date":"2023-03-28T22:48:33","date_gmt":"2023-03-28T20:48:33","guid":{"rendered":"https:\/\/coffre-fort-forestier.com\/?page_id=285"},"modified":"2023-05-29T23:06:11","modified_gmt":"2023-05-29T21:06:11","slug":"armoires-fortes-de-securite-ignifuges-et-refractaires","status":"publish","type":"page","link":"https:\/\/coffre-fort-forestier.com\/index.php\/nos-produits-2\/nos-armoires-fortes\/armoires-fortes-de-securite-ignifuges-et-refractaires\/","title":{"rendered":"Armoires fortes de s\u00e9curit\u00e9 ignifuges et r\u00e9fractaires"},"content":{"rendered":"\n<div style=\"height:50px\" aria-hidden=\"true\" class=\"wp-block-spacer\"><\/div>\n\n\n\n<hr class=\"wp-block-separator has-text-color has-ast-global-color-1-color has-alpha-channel-opacity has-ast-global-color-1-background-color has-background is-style-wide\"\/>\n\n\n\n<div style=\"height:50px\" aria-hidden=\"true\" class=\"wp-block-spacer\"><\/div>\n\n\n\n<div class=\"wp-block-columns alignwide are-vertically-aligned-center is-layout-flex wp-container-core-columns-is-layout-d2da2050 wp-block-columns-is-layout-flex\" style=\"margin-bottom:0\">\n<div class=\"wp-block-column is-vertically-aligned-center has-ast-global-color-5-color has-ast-global-color-0-background-color has-text-color has-background has-link-color wp-elements-1f494a132e49c4c3610251e101fafc50 is-layout-flow wp-block-column-is-layout-flow\" style=\"padding-top:2em;padding-right:2em;padding-bottom:2em;padding-left:2em\">\n<h5 class=\"wp-block-heading has-text-align-center has-ast-global-color-5-color has-text-color\" id=\"single\" style=\"margin-top:8px;margin-right:8px;margin-bottom:8px;margin-left:8px\"><strong>ARMOIRE FORTE<\/strong><\/h5>\n\n\n\n<h5 class=\"wp-block-heading has-text-align-center has-ast-global-color-5-color has-text-color\" id=\"single\" style=\"margin-top:0px;margin-right:0px;margin-bottom:0px;margin-left:0px\">IGNIFUGE<\/h5>\n\n\n\n<h6 class=\"wp-block-heading has-text-align-center has-ast-global-color-5-color has-text-color\" id=\"single\" style=\"padding-top:0px;padding-right:0px;padding-bottom:0px;padding-left:0px;font-size:15px\"><em>S\u00c9RIE AFS I &#8211; 30 MINUTES<\/em><\/h6>\n\n\n\n<hr class=\"wp-block-separator has-text-color has-ast-global-color-5-color has-alpha-channel-opacity has-ast-global-color-5-background-color has-background is-style-wide\"\/>\n\n\n\n\n\n<div class=\"wp-block-buttons alignfull is-horizontal is-content-justification-center is-layout-flex wp-container-core-buttons-is-layout-03627597 wp-block-buttons-is-layout-flex\">\n<div class=\"wp-block-button has-custom-width wp-block-button__width-75\"><a class=\"wp-block-button__link has-ast-global-color-2-color has-ast-global-color-5-background-color has-text-color has-background wp-element-button\">Voir la fiche produit<\/a><\/div>\n<\/div>\n<\/div>\n\n\n\n<div class=\"wp-block-column is-vertically-aligned-center has-ast-global-color-5-color has-ast-global-color-0-background-color has-text-color has-background has-link-color wp-elements-1120d305a3ea6c73bc28d184399fc107 is-layout-flow wp-block-column-is-layout-flow\" style=\"padding-top:2em;padding-right:2em;padding-bottom:2em;padding-left:2em\">\n<h5 class=\"wp-block-heading has-text-align-center has-ast-global-color-5-color has-text-color\" id=\"single\" style=\"margin-top:8px;margin-right:8px;margin-bottom:8px;margin-left:8px\"><strong><strong><strong><strong>ARMOIRE FORTE<\/strong><\/strong><\/strong><\/strong><\/h5>\n\n\n\n<h5 class=\"wp-block-heading has-text-align-center has-ast-global-color-5-color has-text-color\" id=\"single\" style=\"margin-top:0px;margin-right:0px;margin-bottom:0px;margin-left:0px;padding-top:0px;padding-right:0px;padding-bottom:0px;padding-left:0px\">R\u00c9FRACTAIRE<\/h5>\n\n\n\n<h6 class=\"wp-block-heading has-text-align-center has-ast-global-color-5-color has-text-color\" id=\"single\" style=\"padding-top:0px;padding-right:0px;padding-bottom:0px;padding-left:0px;font-size:15px\"><em>S\u00c9RIE AFR &#8211; 1 HEURE<\/em><\/h6>\n\n\n\n<hr class=\"wp-block-separator has-text-color has-ast-global-color-5-color has-alpha-channel-opacity has-ast-global-color-5-background-color has-background is-style-wide\"\/>\n\n\n\n\n\n<div class=\"wp-block-buttons alignfull is-horizontal is-content-justification-center is-layout-flex wp-container-core-buttons-is-layout-03627597 wp-block-buttons-is-layout-flex\">\n<div class=\"wp-block-button has-custom-width wp-block-button__width-75\"><a class=\"wp-block-button__link has-ast-global-color-2-color has-ast-global-color-5-background-color has-text-color has-background wp-element-button\">Voir la fiche produit<\/a><\/div>\n<\/div>\n<\/div>\n\n\n\n<div class=\"wp-block-column is-vertically-aligned-center has-ast-global-color-5-color has-ast-global-color-0-background-color has-text-color has-background has-link-color wp-elements-1214bff905cc64e82af2fc454ab3c65c is-layout-flow wp-block-column-is-layout-flow\" style=\"padding-top:2em;padding-right:2em;padding-bottom:2em;padding-left:2em\">\n<h5 class=\"wp-block-heading has-text-align-center has-ast-global-color-5-color has-text-color\" id=\"single\" style=\"margin-top:8px;margin-right:8px;margin-bottom:8px;margin-left:8px\"><strong><strong><strong>ARMOIRE<\/strong><\/strong><\/strong><\/h5>\n\n\n\n<h5 class=\"wp-block-heading has-text-align-center has-ast-global-color-5-color has-text-color\" id=\"single\" style=\"margin-top:0px;margin-right:0px;margin-bottom:0px;margin-left:0px;padding-top:0px;padding-right:0px;padding-bottom:0px;padding-left:0px\">INFORMATIOQUE<\/h5>\n\n\n\n<h6 class=\"wp-block-heading has-text-align-center has-ast-global-color-5-color has-text-color\" id=\"single\" style=\"padding-top:0px;padding-right:0px;padding-bottom:0px;padding-left:0px;font-size:15px\"><em>pROTECTION : 60 \u00e0 120 min<\/em><\/h6>\n\n\n\n<hr class=\"wp-block-separator has-text-color has-ast-global-color-5-color has-alpha-channel-opacity has-ast-global-color-5-background-color has-background is-style-wide\"\/>\n\n\n\n\n\n<div class=\"wp-block-buttons alignfull is-horizontal is-content-justification-center is-layout-flex wp-container-core-buttons-is-layout-03627597 wp-block-buttons-is-layout-flex\">\n<div class=\"wp-block-button has-custom-width wp-block-button__width-75\"><a class=\"wp-block-button__link has-ast-global-color-2-color has-ast-global-color-5-background-color has-text-color has-background wp-element-button\">Voir la fiche produit<\/a><\/div>\n<\/div>\n<\/div>\n<\/div>\n\n\n\n<div style=\"height:100px\" aria-hidden=\"true\" class=\"wp-block-spacer\"><\/div>\n\n\n\n<hr class=\"wp-block-separator has-text-color has-ast-global-color-1-color has-alpha-channel-opacity has-ast-global-color-1-background-color has-background is-style-wide\"\/>\n\n\n\n<div class=\"inherit-container-width wp-block-group alignwide has-text-color has-background is-layout-constrained wp-block-group-is-layout-constrained\" style=\"color:#000000;background-color:#ffffff\">\n<div class=\"inherit-container-width wp-block-group alignfull has-text-color has-background is-layout-constrained wp-block-group-is-layout-constrained\" style=\"color:#000000;background-color:#ffffff\">\n<p class=\"has-text-align-center\" style=\"font-size:16px;line-height:.9\"><strong><em>VOTRE SATISFACTION EST NOTRE PRIORIT\u00c9<\/em><\/strong><\/p>\n\n\n\n<div style=\"height:10px\" aria-hidden=\"true\" class=\"wp-block-spacer\"><\/div>\n\n\n\n<h3 class=\"wp-block-heading has-text-align-center\" id=\"schedule-a-visit\" style=\"font-size:48px;line-height:1.15\">BESOIN D&rsquo;un DEVIS sur mesure ?<\/h3>\n\n\n\n<div style=\"height:10px\" aria-hidden=\"true\" class=\"wp-block-spacer\"><\/div>\n\n\n\n<div class=\"wp-block-buttons is-horizontal is-content-justification-center is-layout-flex wp-container-core-buttons-is-layout-03627597 wp-block-buttons-is-layout-flex\">\n<div class=\"wp-block-button has-custom-width wp-block-button__width-25 is-style-fill\"><a class=\"wp-block-button__link has-text-color has-background wp-element-button\" href=\"https:\/\/coffre-fort-forestier.com\/index.php\/nous-contacter\/\" style=\"border-radius:0px;color:#ffffff;background-color:#000000\" target=\"_blank\" rel=\"noreferrer noopener\">Contactez-nous<\/a><\/div>\n<\/div>\n<\/div>\n<\/div>\n\n\n\n<hr class=\"wp-block-separator has-text-color has-ast-global-color-1-color has-alpha-channel-opacity has-ast-global-color-1-background-color has-background is-style-wide\"\/>\n","protected":false},"excerpt":{"rendered":"<p>ARMOIRE FORTE IGNIFUGE S\u00c9RIE AFS I &#8211; 30 MINUTES ARMOIRE FORTE R\u00c9FRACTAIRE S\u00c9RIE AFR &#8211; 1 HEURE ARMOIRE INFORMATIOQUE pROTECTION : 60 \u00e0 120 min VOTRE SATISFACTION EST NOTRE PRIORIT\u00c9 BESOIN D&rsquo;un DEVIS sur mesure ?<\/p>\n","protected":false},"author":1,"featured_media":0,"parent":281,"menu_order":0,"comment_status":"closed","ping_status":"closed","template":"","meta":{"site-sidebar-layout":"default","site-content-layout":"","ast-site-content-layout":"","site-content-style":"default","site-sidebar-style":"default","ast-global-header-display":"","ast-banner-title-visibility":"","ast-main-header-display":"","ast-hfb-above-header-display":"","ast-hfb-below-header-display":"","ast-hfb-mobile-header-display":"","site-post-title":"","ast-breadcrumbs-content":"","ast-featured-img":"","footer-sml-layout":"","theme-transparent-header-meta":"","adv-header-id-meta":"","stick-header-meta":"","header-above-stick-meta":"","header-main-stick-meta":"","header-below-stick-meta":"","astra-migrate-meta-layouts":"","ast-page-background-enabled":"default","ast-page-background-meta":{"desktop":{"background-color":"var(--ast-global-color-4)","background-image":"","background-repeat":"repeat","background-position":"center center","background-size":"auto","background-attachment":"scroll","background-type":"","background-media":"","overlay-type":"","overlay-color":"","overlay-gradient":""},"tablet":{"background-color":"","background-image":"","background-repeat":"repeat","background-position":"center center","background-size":"auto","background-attachment":"scroll","background-type":"","background-media":"","overlay-type":"","overlay-color":"","overlay-gradient":""},"mobile":{"background-color":"","background-image":"","background-repeat":"repeat","background-position":"center center","background-size":"auto","background-attachment":"scroll","background-type":"","background-media":"","overlay-type":"","overlay-color":"","overlay-gradient":""}},"ast-content-background-meta":{"desktop":{"background-color":"var(--ast-global-color-5)","background-image":"","background-repeat":"repeat","background-position":"center center","background-size":"auto","background-attachment":"scroll","background-type":"","background-media":"","overlay-type":"","overlay-color":"","overlay-gradient":""},"tablet":{"background-color":"var(--ast-global-color-5)","background-image":"","background-repeat":"repeat","background-position":"center center","background-size":"auto","background-attachment":"scroll","background-type":"","background-media":"","overlay-type":"","overlay-color":"","overlay-gradient":""},"mobile":{"background-color":"var(--ast-global-color-5)","background-image":"","background-repeat":"repeat","background-position":"center center","background-size":"auto","background-attachment":"scroll","background-type":"","background-media":"","overlay-type":"","overlay-color":"","overlay-gradient":""}},"footnotes":""},"class_list":["post-285","page","type-page","status-publish","hentry"],"_links":{"self":[{"href":"https:\/\/coffre-fort-forestier.com\/index.php\/wp-json\/wp\/v2\/pages\/285","targetHints":{"allow":["GET"]}}],"collection":[{"href":"https:\/\/coffre-fort-forestier.com\/index.php\/wp-json\/wp\/v2\/pages"}],"about":[{"href":"https:\/\/coffre-fort-forestier.com\/index.php\/wp-json\/wp\/v2\/types\/page"}],"author":[{"embeddable":true,"href":"https:\/\/coffre-fort-forestier.com\/index.php\/wp-json\/wp\/v2\/users\/1"}],"replies":[{"embeddable":true,"href":"https:\/\/coffre-fort-forestier.com\/index.php\/wp-json\/wp\/v2\/comments?post=285"}],"version-history":[{"count":7,"href":"https:\/\/coffre-fort-forestier.com\/index.php\/wp-json\/wp\/v2\/pages\/285\/revisions"}],"predecessor-version":[{"id":791,"href":"https:\/\/coffre-fort-forestier.com\/index.php\/wp-json\/wp\/v2\/pages\/285\/revisions\/791"}],"up":[{"embeddable":true,"href":"https:\/\/coffre-fort-forestier.com\/index.php\/wp-json\/wp\/v2\/pages\/281"}],"wp:attachment":[{"href":"https:\/\/coffre-fort-forestier.com\/index.php\/wp-json\/wp\/v2\/media?parent=285"}],"curies":[{"name":"wp","href":"https:\/\/api.w.org\/{rel}","templated":true}]}}