{"id":287,"date":"2023-03-28T22:48:55","date_gmt":"2023-03-28T20:48:55","guid":{"rendered":"https:\/\/coffre-fort-forestier.com\/?page_id=287"},"modified":"2024-08-14T16:32:43","modified_gmt":"2024-08-14T14:32:43","slug":"armoires-et-coffres-securite-defense","status":"publish","type":"page","link":"https:\/\/coffre-fort-forestier.com\/index.php\/nos-produits-2\/nos-armoires-fortes\/armoires-et-coffres-securite-defense\/","title":{"rendered":"Armoires et coffres \u00ab\u00a0s\u00e9curit\u00e9 d\u00e9fense\u00a0\u00bb"},"content":{"rendered":"\n<div style=\"height:50px\" aria-hidden=\"true\" class=\"wp-block-spacer\"><\/div>\n\n\n\n<hr class=\"wp-block-separator has-text-color has-ast-global-color-1-color has-alpha-channel-opacity has-ast-global-color-1-background-color has-background is-style-wide\"\/>\n\n\n\n<div style=\"height:50px\" aria-hidden=\"true\" class=\"wp-block-spacer\"><\/div>\n\n\n\n<div class=\"wp-block-columns alignwide are-vertically-aligned-center is-layout-flex wp-container-core-columns-is-layout-d2da2050 wp-block-columns-is-layout-flex\" style=\"margin-bottom:0\">\n<div class=\"wp-block-column is-vertically-aligned-center has-ast-global-color-5-color has-ast-global-color-0-background-color has-text-color has-background has-link-color wp-elements-021c30a3c04e42be1a7d1ee4ed429d6a is-layout-flow wp-block-column-is-layout-flow\" style=\"padding-top:2em;padding-right:2em;padding-bottom:2em;padding-left:2em\">\n<h5 class=\"wp-block-heading has-text-align-center has-ast-global-color-5-color has-text-color\" id=\"single\" style=\"margin-top:8px;margin-right:8px;margin-bottom:8px;margin-left:8px\"><strong>CLASSE A<\/strong><\/h5>\n\n\n\n<h5 class=\"wp-block-heading has-text-align-center has-ast-global-color-5-color has-text-color\" id=\"single\" style=\"margin-top:0px;margin-right:0px;margin-bottom:0px;margin-left:0px\">D\u00c9FENSE<\/h5>\n\n\n\n<hr class=\"wp-block-separator has-text-color has-ast-global-color-5-color has-alpha-channel-opacity has-ast-global-color-5-background-color has-background is-style-wide\"\/>\n\n\n\n\n\n<div class=\"wp-block-buttons alignfull is-horizontal is-content-justification-center is-layout-flex wp-container-core-buttons-is-layout-03627597 wp-block-buttons-is-layout-flex\">\n<div class=\"wp-block-button has-custom-width wp-block-button__width-50\"><a class=\"wp-block-button__link has-ast-global-color-2-color has-ast-global-color-5-background-color has-text-color has-background wp-element-button\">Voir la fiche produit<\/a><\/div>\n<\/div>\n<\/div>\n\n\n\n<div class=\"wp-block-column is-vertically-aligned-center has-ast-global-color-5-color has-ast-global-color-0-background-color has-text-color has-background has-link-color wp-elements-1a00da5694948697a1144864e38f2e48 is-layout-flow wp-block-column-is-layout-flow\" style=\"padding-top:2em;padding-right:2em;padding-bottom:2em;padding-left:2em\">\n<h5 class=\"wp-block-heading has-text-align-center has-ast-global-color-5-color has-text-color\" id=\"single\" style=\"margin-top:8px;margin-right:8px;margin-bottom:8px;margin-left:8px\"><strong>CLASSE <\/strong>B<\/h5>\n\n\n\n<h5 class=\"wp-block-heading has-text-align-center has-ast-global-color-5-color has-text-color\" id=\"single\" style=\"margin-top:0px;margin-right:0px;margin-bottom:0px;margin-left:0px\">D\u00c9FENSE<\/h5>\n\n\n\n<hr class=\"wp-block-separator has-text-color has-ast-global-color-5-color has-alpha-channel-opacity has-ast-global-color-5-background-color has-background is-style-wide\"\/>\n\n\n\n<figure class=\"wp-block-image aligncenter size-full\"><img loading=\"lazy\" decoding=\"async\" width=\"200\" height=\"200\" src=\"https:\/\/coffre-fort-forestier.com\/wp-content\/uploads\/2024\/08\/Fiche-30.jpg\" alt=\"\" class=\"wp-image-906\" srcset=\"https:\/\/coffre-fort-forestier.com\/wp-content\/uploads\/2024\/08\/Fiche-30.jpg 200w, https:\/\/coffre-fort-forestier.com\/wp-content\/uploads\/2024\/08\/Fiche-30-150x150.jpg 150w\" sizes=\"auto, (max-width: 200px) 100vw, 200px\" \/><\/figure>\n\n\n\n<div class=\"wp-block-buttons alignfull is-horizontal is-content-justification-center is-layout-flex wp-container-core-buttons-is-layout-03627597 wp-block-buttons-is-layout-flex\">\n<div class=\"wp-block-button has-custom-width wp-block-button__width-50\"><a class=\"wp-block-button__link has-ast-global-color-2-color has-ast-global-color-5-background-color has-text-color has-background wp-element-button\" href=\"https:\/\/coffre-fort-forestier.com\/wp-content\/uploads\/2024\/08\/Fiche-produit-30.pdf\">Voir la fiche produit<\/a><\/div>\n<\/div>\n<\/div>\n<\/div>\n\n\n\n<div class=\"wp-block-columns alignwide are-vertically-aligned-center is-layout-flex wp-container-core-columns-is-layout-d2da2050 wp-block-columns-is-layout-flex\" style=\"margin-bottom:0\">\n<div class=\"wp-block-column is-vertically-aligned-center has-ast-global-color-5-color has-ast-global-color-0-background-color has-text-color has-background has-link-color wp-elements-82949047e55901246954a8612713666f is-layout-flow wp-block-column-is-layout-flow\" style=\"padding-top:2em;padding-right:2em;padding-bottom:2em;padding-left:2em\">\n<h5 class=\"wp-block-heading has-text-align-center has-ast-global-color-5-color has-text-color\" id=\"single\" style=\"margin-top:8px;margin-right:8px;margin-bottom:8px;margin-left:8px\"><strong>CLASSE <\/strong>C<\/h5>\n\n\n\n<h5 class=\"wp-block-heading has-text-align-center has-ast-global-color-5-color has-text-color\" id=\"single\" style=\"margin-top:0px;margin-right:0px;margin-bottom:0px;margin-left:0px\">D\u00c9FENSE<\/h5>\n\n\n\n<hr class=\"wp-block-separator has-text-color has-ast-global-color-5-color has-alpha-channel-opacity has-ast-global-color-5-background-color has-background is-style-wide\"\/>\n\n\n\n<figure class=\"wp-block-image aligncenter size-full\"><img loading=\"lazy\" decoding=\"async\" width=\"200\" height=\"200\" src=\"https:\/\/coffre-fort-forestier.com\/wp-content\/uploads\/2024\/08\/Fiche-31.jpg\" alt=\"\" class=\"wp-image-907\" srcset=\"https:\/\/coffre-fort-forestier.com\/wp-content\/uploads\/2024\/08\/Fiche-31.jpg 200w, https:\/\/coffre-fort-forestier.com\/wp-content\/uploads\/2024\/08\/Fiche-31-150x150.jpg 150w\" sizes=\"auto, (max-width: 200px) 100vw, 200px\" \/><\/figure>\n\n\n\n<div class=\"wp-block-buttons alignfull is-horizontal is-content-justification-center is-layout-flex wp-container-core-buttons-is-layout-03627597 wp-block-buttons-is-layout-flex\">\n<div class=\"wp-block-button has-custom-width wp-block-button__width-50\"><a class=\"wp-block-button__link has-ast-global-color-2-color has-ast-global-color-5-background-color has-text-color has-background wp-element-button\" href=\"https:\/\/coffre-fort-forestier.com\/wp-content\/uploads\/2024\/08\/Fiche-produit-31.pdf\">Voir la fiche produit<\/a><\/div>\n<\/div>\n<\/div>\n\n\n\n<div class=\"wp-block-column is-vertically-aligned-center has-ast-global-color-5-color has-ast-global-color-0-background-color has-text-color has-background has-link-color wp-elements-fce55e78d54c239733c2889e63b502fe is-layout-flow wp-block-column-is-layout-flow\" style=\"padding-top:2em;padding-right:2em;padding-bottom:2em;padding-left:2em\">\n<h5 class=\"wp-block-heading has-text-align-center has-ast-global-color-5-color has-text-color\" id=\"single\" style=\"margin-top:8px;margin-right:8px;margin-bottom:8px;margin-left:8px\"><strong>CLASSE <\/strong>D<\/h5>\n\n\n\n<h5 class=\"wp-block-heading has-text-align-center has-ast-global-color-5-color has-text-color\" id=\"single\" style=\"margin-top:0px;margin-right:0px;margin-bottom:0px;margin-left:0px\">D\u00c9FENSE<\/h5>\n\n\n\n<hr class=\"wp-block-separator has-text-color has-ast-global-color-5-color has-alpha-channel-opacity has-ast-global-color-5-background-color has-background is-style-wide\"\/>\n\n\n\n\n\n<div class=\"wp-block-buttons alignfull is-horizontal is-content-justification-center is-layout-flex wp-container-core-buttons-is-layout-03627597 wp-block-buttons-is-layout-flex\">\n<div class=\"wp-block-button has-custom-width wp-block-button__width-50\"><a class=\"wp-block-button__link has-ast-global-color-2-color has-ast-global-color-5-background-color has-text-color has-background wp-element-button\">Voir la fiche produit<\/a><\/div>\n<\/div>\n<\/div>\n<\/div>\n\n\n\n<div style=\"height:100px\" aria-hidden=\"true\" class=\"wp-block-spacer\"><\/div>\n\n\n\n<hr class=\"wp-block-separator has-text-color has-ast-global-color-1-color has-alpha-channel-opacity has-ast-global-color-1-background-color has-background is-style-wide\"\/>\n\n\n\n<div class=\"inherit-container-width wp-block-group alignwide has-text-color has-background is-layout-constrained wp-block-group-is-layout-constrained\" style=\"color:#000000;background-color:#ffffff\">\n<div class=\"inherit-container-width wp-block-group alignfull has-text-color has-background is-layout-constrained wp-block-group-is-layout-constrained\" style=\"color:#000000;background-color:#ffffff\">\n<p class=\"has-text-align-center\" style=\"font-size:16px;line-height:.9\"><strong><em>VOTRE SATISFACTION EST NOTRE PRIORIT\u00c9<\/em><\/strong><\/p>\n\n\n\n<div style=\"height:10px\" aria-hidden=\"true\" class=\"wp-block-spacer\"><\/div>\n\n\n\n<h3 class=\"wp-block-heading has-text-align-center\" id=\"schedule-a-visit\" style=\"font-size:48px;line-height:1.15\">BESOIN D&rsquo;un DEVIS sur mesure ?<\/h3>\n\n\n\n<div style=\"height:10px\" aria-hidden=\"true\" class=\"wp-block-spacer\"><\/div>\n\n\n\n<div class=\"wp-block-buttons is-horizontal is-content-justification-center is-layout-flex wp-container-core-buttons-is-layout-03627597 wp-block-buttons-is-layout-flex\">\n<div class=\"wp-block-button has-custom-width wp-block-button__width-25 is-style-fill\"><a class=\"wp-block-button__link has-text-color has-background wp-element-button\" href=\"https:\/\/coffre-fort-forestier.com\/index.php\/nous-contacter\/\" style=\"border-radius:0px;color:#ffffff;background-color:#000000\" target=\"_blank\" rel=\"noreferrer noopener\">Contactez-nous<\/a><\/div>\n<\/div>\n<\/div>\n<\/div>\n\n\n\n<hr class=\"wp-block-separator has-text-color has-ast-global-color-1-color has-alpha-channel-opacity has-ast-global-color-1-background-color has-background is-style-wide\"\/>\n","protected":false},"excerpt":{"rendered":"<p>CLASSE A D\u00c9FENSE CLASSE B D\u00c9FENSE CLASSE C D\u00c9FENSE CLASSE D D\u00c9FENSE VOTRE SATISFACTION EST NOTRE PRIORIT\u00c9 BESOIN D&rsquo;un DEVIS sur mesure ?<\/p>\n","protected":false},"author":1,"featured_media":0,"parent":281,"menu_order":0,"comment_status":"closed","ping_status":"closed","template":"","meta":{"site-sidebar-layout":"default","site-content-layout":"","ast-site-content-layout":"default","site-content-style":"default","site-sidebar-style":"default","ast-global-header-display":"","ast-banner-title-visibility":"","ast-main-header-display":"","ast-hfb-above-header-display":"","ast-hfb-below-header-display":"","ast-hfb-mobile-header-display":"","site-post-title":"","ast-breadcrumbs-content":"","ast-featured-img":"","footer-sml-layout":"","theme-transparent-header-meta":"","adv-header-id-meta":"","stick-header-meta":"","header-above-stick-meta":"","header-main-stick-meta":"","header-below-stick-meta":"","astra-migrate-meta-layouts":"set","ast-page-background-enabled":"default","ast-page-background-meta":{"desktop":{"background-color":"var(--ast-global-color-4)","background-image":"","background-repeat":"repeat","background-position":"center center","background-size":"auto","background-attachment":"scroll","background-type":"","background-media":"","overlay-type":"","overlay-color":"","overlay-gradient":""},"tablet":{"background-color":"","background-image":"","background-repeat":"repeat","background-position":"center center","background-size":"auto","background-attachment":"scroll","background-type":"","background-media":"","overlay-type":"","overlay-color":"","overlay-gradient":""},"mobile":{"background-color":"","background-image":"","background-repeat":"repeat","background-position":"center center","background-size":"auto","background-attachment":"scroll","background-type":"","background-media":"","overlay-type":"","overlay-color":"","overlay-gradient":""}},"ast-content-background-meta":{"desktop":{"background-color":"var(--ast-global-color-5)","background-image":"","background-repeat":"repeat","background-position":"center center","background-size":"auto","background-attachment":"scroll","background-type":"","background-media":"","overlay-type":"","overlay-color":"","overlay-gradient":""},"tablet":{"background-color":"var(--ast-global-color-5)","background-image":"","background-repeat":"repeat","background-position":"center center","background-size":"auto","background-attachment":"scroll","background-type":"","background-media":"","overlay-type":"","overlay-color":"","overlay-gradient":""},"mobile":{"background-color":"var(--ast-global-color-5)","background-image":"","background-repeat":"repeat","background-position":"center center","background-size":"auto","background-attachment":"scroll","background-type":"","background-media":"","overlay-type":"","overlay-color":"","overlay-gradient":""}},"footnotes":""},"class_list":["post-287","page","type-page","status-publish","hentry"],"_links":{"self":[{"href":"https:\/\/coffre-fort-forestier.com\/index.php\/wp-json\/wp\/v2\/pages\/287","targetHints":{"allow":["GET"]}}],"collection":[{"href":"https:\/\/coffre-fort-forestier.com\/index.php\/wp-json\/wp\/v2\/pages"}],"about":[{"href":"https:\/\/coffre-fort-forestier.com\/index.php\/wp-json\/wp\/v2\/types\/page"}],"author":[{"embeddable":true,"href":"https:\/\/coffre-fort-forestier.com\/index.php\/wp-json\/wp\/v2\/users\/1"}],"replies":[{"embeddable":true,"href":"https:\/\/coffre-fort-forestier.com\/index.php\/wp-json\/wp\/v2\/comments?post=287"}],"version-history":[{"count":7,"href":"https:\/\/coffre-fort-forestier.com\/index.php\/wp-json\/wp\/v2\/pages\/287\/revisions"}],"predecessor-version":[{"id":913,"href":"https:\/\/coffre-fort-forestier.com\/index.php\/wp-json\/wp\/v2\/pages\/287\/revisions\/913"}],"up":[{"embeddable":true,"href":"https:\/\/coffre-fort-forestier.com\/index.php\/wp-json\/wp\/v2\/pages\/281"}],"wp:attachment":[{"href":"https:\/\/coffre-fort-forestier.com\/index.php\/wp-json\/wp\/v2\/media?parent=287"}],"curies":[{"name":"wp","href":"https:\/\/api.w.org\/{rel}","templated":true}]}}