{"id":299,"date":"2023-03-28T22:54:57","date_gmt":"2023-03-28T20:54:57","guid":{"rendered":"https:\/\/coffre-fort-forestier.com\/?page_id=299"},"modified":"2023-05-29T23:40:01","modified_gmt":"2023-05-29T21:40:01","slug":"portes-blindees","status":"publish","type":"page","link":"https:\/\/coffre-fort-forestier.com\/index.php\/portes-blindees\/","title":{"rendered":"Portes FORTES"},"content":{"rendered":"\n<div style=\"height:50px\" aria-hidden=\"true\" class=\"wp-block-spacer\"><\/div>\n\n\n\n<h6 class=\"wp-block-heading\"><em>POUR LES BANQUES, les salles fortes, LES MINI-CHAMBRES FORTES, LES BIJOUTERIES, ETC.<\/em><\/h6>\n\n\n\n<div style=\"height:20px\" aria-hidden=\"true\" class=\"wp-block-spacer\"><\/div>\n\n\n\n<hr class=\"wp-block-separator has-text-color has-ast-global-color-1-color has-alpha-channel-opacity has-ast-global-color-1-background-color has-background is-style-wide\"\/>\n\n\n\n<div style=\"height:50px\" aria-hidden=\"true\" class=\"wp-block-spacer\"><\/div>\n\n\n\n<div style=\"height:50px\" aria-hidden=\"true\" class=\"wp-block-spacer\"><\/div>\n\n\n\n<div class=\"wp-block-columns alignwide are-vertically-aligned-center is-layout-flex wp-container-core-columns-is-layout-d2da2050 wp-block-columns-is-layout-flex\" style=\"margin-bottom:0\">\n<div class=\"wp-block-column is-vertically-aligned-center has-ast-global-color-5-color has-ast-global-color-0-background-color has-text-color has-background has-link-color wp-elements-9d70312a62389f9ca4963f7ccd293dea is-layout-flow wp-block-column-is-layout-flow\" style=\"padding-top:2em;padding-right:2em;padding-bottom:2em;padding-left:2em\">\n<h5 class=\"wp-block-heading has-text-align-center has-ast-global-color-5-color has-text-color\" id=\"single\" style=\"margin-top:8px;margin-right:8px;margin-bottom:8px;margin-left:8px\"><strong>PORTE FORTE<\/strong><\/h5>\n\n\n\n<h5 class=\"wp-block-heading has-text-align-center has-ast-global-color-5-color has-text-color\" id=\"single\" style=\"margin-top:0px;margin-right:0px;margin-bottom:0px;margin-left:0px\">TOUT B\u00c9TON s\u00e9rie AGp<\/h5>\n\n\n\n<h6 class=\"wp-block-heading has-text-align-center has-ast-global-color-5-color has-text-color\" id=\"single\" style=\"padding-top:0px;padding-right:0px;padding-bottom:0px;padding-left:0px;font-size:15px\"><em>Paroi blind\u00e9e 60 mm<\/em><\/h6>\n\n\n\n<hr class=\"wp-block-separator has-text-color has-ast-global-color-5-color has-alpha-channel-opacity has-ast-global-color-5-background-color has-background is-style-wide\"\/>\n\n\n\n\n\n<div class=\"wp-block-buttons alignfull is-horizontal is-content-justification-center is-layout-flex wp-container-core-buttons-is-layout-03627597 wp-block-buttons-is-layout-flex\">\n<div class=\"wp-block-button has-custom-width wp-block-button__width-75\"><a class=\"wp-block-button__link has-ast-global-color-2-color has-ast-global-color-5-background-color has-text-color has-background wp-element-button\">Voir la fiche produit<\/a><\/div>\n<\/div>\n<\/div>\n\n\n\n<div class=\"wp-block-column is-vertically-aligned-center has-ast-global-color-5-color has-ast-global-color-0-background-color has-text-color has-background has-link-color wp-elements-795f5357e818917ecc3ecb577812cd6b is-layout-flow wp-block-column-is-layout-flow\" style=\"padding-top:2em;padding-right:2em;padding-bottom:2em;padding-left:2em\">\n<h5 class=\"wp-block-heading has-text-align-center has-ast-global-color-5-color has-text-color\" id=\"single\" style=\"margin-top:8px;margin-right:8px;margin-bottom:8px;margin-left:8px\"><strong><strong><strong><strong>PORTE FORTE<\/strong><\/strong><\/strong><\/strong><\/h5>\n\n\n\n<h5 class=\"wp-block-heading has-text-align-center has-ast-global-color-5-color has-text-color\" id=\"single\" style=\"margin-top:0px;margin-right:0px;margin-bottom:0px;margin-left:0px;padding-top:0px;padding-right:0px;padding-bottom:0px;padding-left:0px\">S\u00c9RIE A2P CR5<\/h5>\n\n\n\n<h6 class=\"wp-block-heading has-text-align-center has-ast-global-color-5-color has-text-color\" id=\"single\" style=\"padding-top:0px;padding-right:0px;padding-bottom:0px;padding-left:0px;font-size:15px\"><em><em>Paroi blind\u00e9e 60 mm<\/em><\/em><\/h6>\n\n\n\n<hr class=\"wp-block-separator has-text-color has-ast-global-color-5-color has-alpha-channel-opacity has-ast-global-color-5-background-color has-background is-style-wide\"\/>\n\n\n\n\n\n<div class=\"wp-block-buttons alignfull is-horizontal is-content-justification-center is-layout-flex wp-container-core-buttons-is-layout-03627597 wp-block-buttons-is-layout-flex\">\n<div class=\"wp-block-button has-custom-width wp-block-button__width-75\"><a class=\"wp-block-button__link has-ast-global-color-2-color has-ast-global-color-5-background-color has-text-color has-background wp-element-button\">Voir la fiche produit<\/a><\/div>\n<\/div>\n<\/div>\n\n\n\n<div class=\"wp-block-column is-vertically-aligned-center has-ast-global-color-5-color has-ast-global-color-0-background-color has-text-color has-background has-link-color wp-elements-b7906136405cce1bd69fb11e35e26304 is-layout-flow wp-block-column-is-layout-flow\" style=\"padding-top:2em;padding-right:2em;padding-bottom:2em;padding-left:2em\">\n<h5 class=\"wp-block-heading has-text-align-center has-ast-global-color-5-color has-text-color\" id=\"single\" style=\"margin-top:8px;margin-right:8px;margin-bottom:8px;margin-left:8px\"><strong><strong><strong><strong>PORTE FORTE<\/strong><\/strong><\/strong><\/strong><\/h5>\n\n\n\n<h5 class=\"wp-block-heading has-text-align-center has-ast-global-color-5-color has-text-color\" id=\"single\" style=\"margin-top:0px;margin-right:0px;margin-bottom:0px;margin-left:0px;padding-top:0px;padding-right:0px;padding-bottom:0px;padding-left:0px\">S\u00c9RIE FGP A2P CR6<\/h5>\n\n\n\n<h6 class=\"wp-block-heading has-text-align-center has-ast-global-color-5-color has-text-color\" id=\"single\" style=\"padding-top:0px;padding-right:0px;padding-bottom:0px;padding-left:0px;font-size:15px\"><em><em>Paroi blind\u00e9e 60 mm<\/em><\/em><\/h6>\n\n\n\n<hr class=\"wp-block-separator has-text-color has-ast-global-color-5-color has-alpha-channel-opacity has-ast-global-color-5-background-color has-background is-style-wide\"\/>\n\n\n\n\n\n<div class=\"wp-block-buttons alignfull is-horizontal is-content-justification-center is-layout-flex wp-container-core-buttons-is-layout-03627597 wp-block-buttons-is-layout-flex\">\n<div class=\"wp-block-button has-custom-width wp-block-button__width-75\"><a class=\"wp-block-button__link has-ast-global-color-2-color has-ast-global-color-5-background-color has-text-color has-background wp-element-button\">Voir la fiche produit<\/a><\/div>\n<\/div>\n<\/div>\n<\/div>\n\n\n\n<div class=\"wp-block-columns alignwide are-vertically-aligned-center is-layout-flex wp-container-core-columns-is-layout-d2da2050 wp-block-columns-is-layout-flex\" style=\"margin-bottom:0\">\n<div class=\"wp-block-column is-vertically-aligned-center has-ast-global-color-5-color has-ast-global-color-0-background-color has-text-color has-background has-link-color wp-elements-404a998beeb328da70e0d81224dd53a7 is-layout-flow wp-block-column-is-layout-flow\" style=\"padding-top:2em;padding-right:2em;padding-bottom:2em;padding-left:2em\">\n<h5 class=\"wp-block-heading has-text-align-center has-ast-global-color-5-color has-text-color\" id=\"single\" style=\"margin-top:8px;margin-right:8px;margin-bottom:8px;margin-left:8px\"><strong>PORTE FORTE<\/strong><\/h5>\n\n\n\n<h5 class=\"wp-block-heading has-text-align-center has-ast-global-color-5-color has-text-color\" id=\"single\" style=\"margin-top:0px;margin-right:0px;margin-bottom:0px;margin-left:0px\">S\u00c9RIE 155P &#8211; Paroi blind\u00e9e 100 mm<\/h5>\n\n\n\n<h6 class=\"wp-block-heading has-text-align-center has-ast-global-color-5-color has-text-color\" id=\"single\" style=\"padding-top:0px;padding-right:0px;padding-bottom:0px;padding-left:0px;font-size:15px\"><em>Norme 1143-1 (IIIE) <\/em><\/h6>\n\n\n\n<hr class=\"wp-block-separator has-text-color has-ast-global-color-5-color has-alpha-channel-opacity has-ast-global-color-5-background-color has-background is-style-wide\"\/>\n\n\n\n\n\n<div class=\"wp-block-buttons alignfull is-horizontal is-content-justification-center is-layout-flex wp-container-core-buttons-is-layout-03627597 wp-block-buttons-is-layout-flex\">\n<div class=\"wp-block-button has-custom-width wp-block-button__width-75\"><a class=\"wp-block-button__link has-ast-global-color-2-color has-ast-global-color-5-background-color has-text-color has-background wp-element-button\">Voir la fiche produit<\/a><\/div>\n<\/div>\n<\/div>\n\n\n\n<div class=\"wp-block-column is-vertically-aligned-center has-ast-global-color-5-color has-ast-global-color-0-background-color has-text-color has-background has-link-color wp-elements-47c15bb3cc54ea0d79d5763d541da0c8 is-layout-flow wp-block-column-is-layout-flow\" style=\"padding-top:2em;padding-right:2em;padding-bottom:2em;padding-left:2em\">\n<h5 class=\"wp-block-heading has-text-align-center has-ast-global-color-5-color has-text-color\" id=\"single\" style=\"margin-top:8px;margin-right:8px;margin-bottom:8px;margin-left:8px\"><strong><strong><strong><strong>PORTE FORTE<\/strong><\/strong><\/strong><\/strong><\/h5>\n\n\n\n<h5 class=\"wp-block-heading has-text-align-center has-ast-global-color-5-color has-text-color\" id=\"single\" style=\"margin-top:0px;margin-right:0px;margin-bottom:0px;margin-left:0px;padding-top:0px;padding-right:0px;padding-bottom:0px;padding-left:0px\">S\u00c9RIE 205P &#8211; Paroi blind\u00e9e 150 mm<\/h5>\n\n\n\n<h6 class=\"wp-block-heading has-text-align-center has-ast-global-color-5-color has-text-color\" id=\"single\" style=\"padding-top:0px;padding-right:0px;padding-bottom:0px;padding-left:0px;font-size:15px\"><em><em>Norme 1143-1 (IVE)<\/em><\/em><\/h6>\n\n\n\n<hr class=\"wp-block-separator has-text-color has-ast-global-color-5-color has-alpha-channel-opacity has-ast-global-color-5-background-color has-background is-style-wide\"\/>\n\n\n\n\n\n<div class=\"wp-block-buttons alignfull is-horizontal is-content-justification-center is-layout-flex wp-container-core-buttons-is-layout-03627597 wp-block-buttons-is-layout-flex\">\n<div class=\"wp-block-button has-custom-width wp-block-button__width-75\"><a class=\"wp-block-button__link has-ast-global-color-2-color has-ast-global-color-5-background-color has-text-color has-background wp-element-button\">Voir la fiche produit<\/a><\/div>\n<\/div>\n<\/div>\n\n\n\n<div class=\"wp-block-column is-vertically-aligned-center has-ast-global-color-5-color has-ast-global-color-0-background-color has-text-color has-background has-link-color wp-elements-f2ea4c44209afbb2a9e511ee9ea6d3d1 is-layout-flow wp-block-column-is-layout-flow\" style=\"padding-top:2em;padding-right:2em;padding-bottom:2em;padding-left:2em\">\n<h5 class=\"wp-block-heading has-text-align-center has-ast-global-color-5-color has-text-color\" id=\"single\" style=\"margin-top:8px;margin-right:8px;margin-bottom:8px;margin-left:8px\"><strong><strong><strong><strong>PORTE FORTE<\/strong><\/strong><\/strong><\/strong><\/h5>\n\n\n\n<h5 class=\"wp-block-heading has-text-align-center has-ast-global-color-5-color has-text-color\" id=\"single\" style=\"margin-top:0px;margin-right:0px;margin-bottom:0px;margin-left:0px;padding-top:0px;padding-right:0px;padding-bottom:0px;padding-left:0px\">S\u00c9RIE GP5 &#8211; Paroi blind\u00e9e 100 mm<\/h5>\n\n\n\n<h6 class=\"wp-block-heading has-text-align-center has-ast-global-color-5-color has-text-color\" id=\"single\" style=\"padding-top:0px;padding-right:0px;padding-bottom:0px;padding-left:0px;font-size:15px\"><em>Norme 1143-1 (VE)<\/em><\/h6>\n\n\n\n<hr class=\"wp-block-separator has-text-color has-ast-global-color-5-color has-alpha-channel-opacity has-ast-global-color-5-background-color has-background is-style-wide\"\/>\n\n\n\n\n\n<div class=\"wp-block-buttons alignfull is-horizontal is-content-justification-center is-layout-flex wp-container-core-buttons-is-layout-03627597 wp-block-buttons-is-layout-flex\">\n<div class=\"wp-block-button has-custom-width wp-block-button__width-75\"><a class=\"wp-block-button__link has-ast-global-color-2-color has-ast-global-color-5-background-color has-text-color has-background wp-element-button\">Voir la fiche produit<\/a><\/div>\n<\/div>\n<\/div>\n<\/div>\n\n\n\n<div style=\"height:100px\" aria-hidden=\"true\" class=\"wp-block-spacer\"><\/div>\n\n\n\n<hr class=\"wp-block-separator has-text-color has-ast-global-color-1-color has-alpha-channel-opacity has-ast-global-color-1-background-color has-background is-style-wide\"\/>\n\n\n\n<div class=\"inherit-container-width wp-block-group alignwide has-text-color has-background is-layout-constrained wp-block-group-is-layout-constrained\" style=\"color:#000000;background-color:#ffffff\">\n<div class=\"inherit-container-width wp-block-group alignfull has-text-color has-background is-layout-constrained wp-block-group-is-layout-constrained\" style=\"color:#000000;background-color:#ffffff\">\n<p class=\"has-text-align-center\" style=\"font-size:16px;line-height:.9\"><strong><em>VOTRE SATISFACTION EST NOTRE PRIORIT\u00c9<\/em><\/strong><\/p>\n\n\n\n<div style=\"height:10px\" aria-hidden=\"true\" class=\"wp-block-spacer\"><\/div>\n\n\n\n<h3 class=\"wp-block-heading has-text-align-center\" id=\"schedule-a-visit\" style=\"font-size:48px;line-height:1.15\">BESOIN D&rsquo;un DEVIS sur mesure ?<\/h3>\n\n\n\n<div style=\"height:10px\" aria-hidden=\"true\" class=\"wp-block-spacer\"><\/div>\n\n\n\n<div class=\"wp-block-buttons is-horizontal is-content-justification-center is-layout-flex wp-container-core-buttons-is-layout-03627597 wp-block-buttons-is-layout-flex\">\n<div class=\"wp-block-button has-custom-width wp-block-button__width-25 is-style-fill\"><a class=\"wp-block-button__link has-text-color has-background wp-element-button\" href=\"https:\/\/coffre-fort-forestier.com\/index.php\/nous-contacter\/\" style=\"border-radius:0px;color:#ffffff;background-color:#000000\" target=\"_blank\" rel=\"noreferrer noopener\">Contactez-nous<\/a><\/div>\n<\/div>\n<\/div>\n<\/div>\n\n\n\n<hr class=\"wp-block-separator has-text-color has-ast-global-color-1-color has-alpha-channel-opacity has-ast-global-color-1-background-color has-background is-style-wide\"\/>\n","protected":false},"excerpt":{"rendered":"<p>POUR LES BANQUES, les salles fortes, LES MINI-CHAMBRES FORTES, LES BIJOUTERIES, ETC. PORTE FORTE TOUT B\u00c9TON s\u00e9rie AGp Paroi blind\u00e9e 60 mm PORTE FORTE S\u00c9RIE A2P CR5 Paroi blind\u00e9e 60 mm PORTE FORTE S\u00c9RIE FGP A2P CR6 Paroi blind\u00e9e 60 mm PORTE FORTE S\u00c9RIE 155P &#8211; Paroi blind\u00e9e 100 mm Norme 1143-1 (IIIE) PORTE FORTE &hellip;<\/p>\n<p class=\"read-more\"> <a class=\"\" href=\"https:\/\/coffre-fort-forestier.com\/index.php\/portes-blindees\/\"> <span class=\"screen-reader-text\">Portes FORTES<\/span> Lire la suite\u00a0\u00bb<\/a><\/p>\n","protected":false},"author":1,"featured_media":0,"parent":0,"menu_order":0,"comment_status":"closed","ping_status":"closed","template":"","meta":{"site-sidebar-layout":"default","site-content-layout":"","ast-site-content-layout":"","site-content-style":"default","site-sidebar-style":"default","ast-global-header-display":"","ast-banner-title-visibility":"","ast-main-header-display":"","ast-hfb-above-header-display":"","ast-hfb-below-header-display":"","ast-hfb-mobile-header-display":"","site-post-title":"","ast-breadcrumbs-content":"","ast-featured-img":"","footer-sml-layout":"","theme-transparent-header-meta":"","adv-header-id-meta":"","stick-header-meta":"","header-above-stick-meta":"","header-main-stick-meta":"","header-below-stick-meta":"","astra-migrate-meta-layouts":"","ast-page-background-enabled":"default","ast-page-background-meta":{"desktop":{"background-color":"var(--ast-global-color-4)","background-image":"","background-repeat":"repeat","background-position":"center center","background-size":"auto","background-attachment":"scroll","background-type":"","background-media":"","overlay-type":"","overlay-color":"","overlay-gradient":""},"tablet":{"background-color":"","background-image":"","background-repeat":"repeat","background-position":"center center","background-size":"auto","background-attachment":"scroll","background-type":"","background-media":"","overlay-type":"","overlay-color":"","overlay-gradient":""},"mobile":{"background-color":"","background-image":"","background-repeat":"repeat","background-position":"center center","background-size":"auto","background-attachment":"scroll","background-type":"","background-media":"","overlay-type":"","overlay-color":"","overlay-gradient":""}},"ast-content-background-meta":{"desktop":{"background-color":"var(--ast-global-color-5)","background-image":"","background-repeat":"repeat","background-position":"center center","background-size":"auto","background-attachment":"scroll","background-type":"","background-media":"","overlay-type":"","overlay-color":"","overlay-gradient":""},"tablet":{"background-color":"var(--ast-global-color-5)","background-image":"","background-repeat":"repeat","background-position":"center center","background-size":"auto","background-attachment":"scroll","background-type":"","background-media":"","overlay-type":"","overlay-color":"","overlay-gradient":""},"mobile":{"background-color":"var(--ast-global-color-5)","background-image":"","background-repeat":"repeat","background-position":"center center","background-size":"auto","background-attachment":"scroll","background-type":"","background-media":"","overlay-type":"","overlay-color":"","overlay-gradient":""}},"footnotes":""},"class_list":["post-299","page","type-page","status-publish","hentry"],"_links":{"self":[{"href":"https:\/\/coffre-fort-forestier.com\/index.php\/wp-json\/wp\/v2\/pages\/299","targetHints":{"allow":["GET"]}}],"collection":[{"href":"https:\/\/coffre-fort-forestier.com\/index.php\/wp-json\/wp\/v2\/pages"}],"about":[{"href":"https:\/\/coffre-fort-forestier.com\/index.php\/wp-json\/wp\/v2\/types\/page"}],"author":[{"embeddable":true,"href":"https:\/\/coffre-fort-forestier.com\/index.php\/wp-json\/wp\/v2\/users\/1"}],"replies":[{"embeddable":true,"href":"https:\/\/coffre-fort-forestier.com\/index.php\/wp-json\/wp\/v2\/comments?post=299"}],"version-history":[{"count":12,"href":"https:\/\/coffre-fort-forestier.com\/index.php\/wp-json\/wp\/v2\/pages\/299\/revisions"}],"predecessor-version":[{"id":813,"href":"https:\/\/coffre-fort-forestier.com\/index.php\/wp-json\/wp\/v2\/pages\/299\/revisions\/813"}],"wp:attachment":[{"href":"https:\/\/coffre-fort-forestier.com\/index.php\/wp-json\/wp\/v2\/media?parent=299"}],"curies":[{"name":"wp","href":"https:\/\/api.w.org\/{rel}","templated":true}]}}