{"id":301,"date":"2023-03-28T22:55:14","date_gmt":"2023-03-28T20:55:14","guid":{"rendered":"https:\/\/coffre-fort-forestier.com\/?page_id=301"},"modified":"2023-05-29T23:36:00","modified_gmt":"2023-05-29T21:36:00","slug":"portes-metalliques-blindees-anti-effraction","status":"publish","type":"page","link":"https:\/\/coffre-fort-forestier.com\/index.php\/nos-produits-2\/nos-portes-blindees\/portes-metalliques-blindees-anti-effraction\/","title":{"rendered":"Portes blind\u00e9es anti-effraction"},"content":{"rendered":"\n<div style=\"height:20px\" aria-hidden=\"true\" class=\"wp-block-spacer\"><\/div>\n\n\n\n<h6 class=\"wp-block-heading\"><em>POUR banques, LES COMMERCES, les particuliers, etc.<\/em><\/h6>\n\n\n\n<div style=\"height:50px\" aria-hidden=\"true\" class=\"wp-block-spacer\"><\/div>\n\n\n\n<hr class=\"wp-block-separator has-text-color has-ast-global-color-1-color has-alpha-channel-opacity has-ast-global-color-1-background-color has-background is-style-wide\"\/>\n\n\n\n<div style=\"height:50px\" aria-hidden=\"true\" class=\"wp-block-spacer\"><\/div>\n\n\n\n<div class=\"wp-block-columns alignwide are-vertically-aligned-center is-layout-flex wp-container-core-columns-is-layout-d2da2050 wp-block-columns-is-layout-flex\" style=\"margin-bottom:0\">\n<div class=\"wp-block-column is-vertically-aligned-center has-ast-global-color-5-color has-ast-global-color-0-background-color has-text-color has-background has-link-color wp-elements-7bf1b0220ac16751fea5b1f1a650008b is-layout-flow wp-block-column-is-layout-flow\" style=\"padding-top:2em;padding-right:2em;padding-bottom:2em;padding-left:2em\">\n<h5 class=\"wp-block-heading has-text-align-center has-ast-global-color-5-color has-text-color\" id=\"single\"><strong><strong><strong><strong>PORTEs jd light<\/strong><\/strong><\/strong><\/strong><\/h5>\n\n\n\n<h6 class=\"wp-block-heading has-text-align-center has-ast-global-color-5-color has-text-color\" id=\"single\" style=\"padding-top:0px;padding-right:0px;padding-bottom:0px;padding-left:0px;font-size:15px\"><em>en 2 mm &#8211; technique cr3<\/em><\/h6>\n\n\n\n<hr class=\"wp-block-separator has-text-color has-ast-global-color-5-color has-alpha-channel-opacity has-ast-global-color-5-background-color has-background is-style-wide\"\/>\n\n\n\n\n\n<div class=\"wp-block-buttons alignfull is-horizontal is-content-justification-center is-layout-flex wp-container-core-buttons-is-layout-03627597 wp-block-buttons-is-layout-flex\">\n<div class=\"wp-block-button has-custom-width wp-block-button__width-75\"><a class=\"wp-block-button__link has-ast-global-color-2-color has-ast-global-color-5-background-color has-text-color has-background wp-element-button\">Voir la fiche produit<\/a><\/div>\n<\/div>\n<\/div>\n\n\n\n<div class=\"wp-block-column is-vertically-aligned-center has-ast-global-color-5-color has-ast-global-color-0-background-color has-text-color has-background has-link-color wp-elements-177dfdde1568185dfe1e70da0d7bf7cf is-layout-flow wp-block-column-is-layout-flow\" style=\"padding-top:2em;padding-right:2em;padding-bottom:2em;padding-left:2em\">\n<h5 class=\"wp-block-heading has-text-align-center has-ast-global-color-5-color has-text-color\" id=\"single\" style=\"margin-top:14px;margin-right:14px;margin-bottom:14px;margin-left:14px;padding-top:14px;padding-right:14px;padding-bottom:14px;padding-left:14px\"><strong><strong><strong><strong>PORTEs de cave<\/strong><\/strong><\/strong><\/strong><\/h5>\n\n\n\n<hr class=\"wp-block-separator has-text-color has-ast-global-color-5-color has-alpha-channel-opacity has-ast-global-color-5-background-color has-background is-style-wide\"\/>\n\n\n\n\n\n<div class=\"wp-block-buttons alignfull is-horizontal is-content-justification-center is-layout-flex wp-container-core-buttons-is-layout-03627597 wp-block-buttons-is-layout-flex\">\n<div class=\"wp-block-button has-custom-width wp-block-button__width-75\"><a class=\"wp-block-button__link has-ast-global-color-2-color has-ast-global-color-5-background-color has-text-color has-background wp-element-button\">Voir la fiche produit<\/a><\/div>\n<\/div>\n<\/div>\n\n\n\n<div class=\"wp-block-column is-vertically-aligned-center has-ast-global-color-5-color has-ast-global-color-0-background-color has-text-color has-background has-link-color wp-elements-9da8189f442c8a8e68ada0d505ff2289 is-layout-flow wp-block-column-is-layout-flow\" style=\"padding-top:2em;padding-right:2em;padding-bottom:2em;padding-left:2em\">\n<h5 class=\"wp-block-heading has-text-align-center has-ast-global-color-5-color has-text-color\" id=\"single\"><strong><strong><strong><strong>PORTE <strong><strong><strong><strong>blind\u00e9es <\/strong><\/strong><\/strong><\/strong>jd<\/strong><\/strong><\/strong><\/strong><\/h5>\n\n\n\n<h6 class=\"wp-block-heading has-text-align-center has-ast-global-color-5-color has-text-color\" id=\"single\" style=\"padding-top:0px;padding-right:0px;padding-bottom:0px;padding-left:0px;font-size:15px\"><em><em>en 3 mm<\/em><\/em><\/h6>\n\n\n\n<hr class=\"wp-block-separator has-text-color has-ast-global-color-5-color has-alpha-channel-opacity has-ast-global-color-5-background-color has-background is-style-wide\"\/>\n\n\n\n\n\n<div class=\"wp-block-buttons alignfull is-horizontal is-content-justification-center is-layout-flex wp-container-core-buttons-is-layout-03627597 wp-block-buttons-is-layout-flex\">\n<div class=\"wp-block-button has-custom-width wp-block-button__width-75\"><a class=\"wp-block-button__link has-ast-global-color-2-color has-ast-global-color-5-background-color has-text-color has-background wp-element-button\">Voir la fiche produit<\/a><\/div>\n<\/div>\n<\/div>\n<\/div>\n\n\n\n<div style=\"height:50px\" aria-hidden=\"true\" class=\"wp-block-spacer\"><\/div>\n\n\n\n<hr class=\"wp-block-separator has-text-color has-ast-global-color-1-color has-alpha-channel-opacity has-ast-global-color-1-background-color has-background is-style-wide\"\/>\n\n\n\n<div style=\"height:50px\" aria-hidden=\"true\" class=\"wp-block-spacer\"><\/div>\n\n\n\n<h6 class=\"wp-block-heading\"><em>POUR les banques, LES gendarmeries, les data center et l&rsquo;arm\u00e9e.<\/em><\/h6>\n\n\n\n<div style=\"height:50px\" aria-hidden=\"true\" class=\"wp-block-spacer\"><\/div>\n\n\n\n<div class=\"wp-block-columns alignwide are-vertically-aligned-center is-layout-flex wp-container-core-columns-is-layout-d2da2050 wp-block-columns-is-layout-flex\" style=\"margin-bottom:0\">\n<div class=\"wp-block-column is-vertically-aligned-center has-ast-global-color-5-color has-ast-global-color-0-background-color has-text-color has-background has-link-color wp-elements-debe25dfb4a2b687388ac6f9afe9ebc3 is-layout-flow wp-block-column-is-layout-flow\" style=\"padding-top:2em;padding-right:2em;padding-bottom:2em;padding-left:2em\">\n<h5 class=\"wp-block-heading has-text-align-center has-ast-global-color-5-color has-text-color\" id=\"single\" style=\"margin-top:8px;margin-right:8px;margin-bottom:8px;margin-left:8px\"><strong>PORTES BLIND\u00c9ES JD<\/strong><\/h5>\n\n\n\n<h5 class=\"wp-block-heading has-text-align-center has-ast-global-color-5-color has-text-color\" id=\"single\" style=\"margin-top:0px;margin-right:0px;margin-bottom:0px;margin-left:0px\">CR4 A2P SELON LA <br>EN 1627 &amp; 1630<\/h5>\n\n\n\n<h6 class=\"wp-block-heading has-text-align-center has-ast-global-color-5-color has-text-color\" id=\"single\" style=\"padding-top:0px;padding-right:0px;padding-bottom:0px;padding-left:0px;font-size:15px\"><em>M\u00c9CANIQUES<\/em><\/h6>\n\n\n\n<hr class=\"wp-block-separator has-text-color has-ast-global-color-5-color has-alpha-channel-opacity has-ast-global-color-5-background-color has-background is-style-wide\"\/>\n\n\n\n\n\n<div class=\"wp-block-buttons alignfull is-horizontal is-content-justification-center is-layout-flex wp-container-core-buttons-is-layout-03627597 wp-block-buttons-is-layout-flex\">\n<div class=\"wp-block-button has-custom-width wp-block-button__width-75\"><a class=\"wp-block-button__link has-ast-global-color-2-color has-ast-global-color-5-background-color has-text-color has-background wp-element-button\">Voir la fiche produit<\/a><\/div>\n<\/div>\n<\/div>\n\n\n\n<div class=\"wp-block-column is-vertically-aligned-center has-ast-global-color-5-color has-ast-global-color-0-background-color has-text-color has-background has-link-color wp-elements-f48e2c7a93ce5602293cc8d8e609e1a4 is-layout-flow wp-block-column-is-layout-flow\" style=\"padding-top:2em;padding-right:2em;padding-bottom:2em;padding-left:2em\">\n<h5 class=\"wp-block-heading has-text-align-center has-ast-global-color-5-color has-text-color\" id=\"single\" style=\"margin-top:8px;margin-right:8px;margin-bottom:8px;margin-left:8px\"><strong><strong><strong><strong><strong>PORTES BLIND\u00c9ES JD<\/strong><\/strong><\/strong><\/strong><\/strong><\/h5>\n\n\n\n<h5 class=\"wp-block-heading has-text-align-center has-ast-global-color-5-color has-text-color\" id=\"single\" style=\"margin-top:0px;margin-right:0px;margin-bottom:0px;margin-left:0px;padding-top:0px;padding-right:0px;padding-bottom:0px;padding-left:0px\">CR4 A2P SELON LA <br>EN 1627 &amp; 1630<\/h5>\n\n\n\n<h6 class=\"wp-block-heading has-text-align-center has-ast-global-color-5-color has-text-color\" id=\"single\" style=\"padding-top:0px;padding-right:0px;padding-bottom:0px;padding-left:0px;font-size:15px\"><em><em>MOTORIS\u00c9ES<\/em><\/em><\/h6>\n\n\n\n<hr class=\"wp-block-separator has-text-color has-ast-global-color-5-color has-alpha-channel-opacity has-ast-global-color-5-background-color has-background is-style-wide\"\/>\n\n\n\n\n\n<div class=\"wp-block-buttons alignfull is-horizontal is-content-justification-center is-layout-flex wp-container-core-buttons-is-layout-03627597 wp-block-buttons-is-layout-flex\">\n<div class=\"wp-block-button has-custom-width wp-block-button__width-75\"><a class=\"wp-block-button__link has-ast-global-color-2-color has-ast-global-color-5-background-color has-text-color has-background wp-element-button\">Voir la fiche produit<\/a><\/div>\n<\/div>\n<\/div>\n<\/div>\n\n\n\n<div class=\"wp-block-columns alignwide are-vertically-aligned-center is-layout-flex wp-container-core-columns-is-layout-d2da2050 wp-block-columns-is-layout-flex\" style=\"margin-bottom:0\">\n<div class=\"wp-block-column is-vertically-aligned-center has-ast-global-color-5-color has-ast-global-color-0-background-color has-text-color has-background has-link-color wp-elements-93e8e2944bf03b32f71e6c16913f396d is-layout-flow wp-block-column-is-layout-flow\" style=\"padding-top:2em;padding-right:2em;padding-bottom:2em;padding-left:2em\">\n<h5 class=\"wp-block-heading has-text-align-center has-ast-global-color-5-color has-text-color\" id=\"single\" style=\"margin-top:8px;margin-right:8px;margin-bottom:8px;margin-left:8px\"><strong>PORTES BLIND\u00c9ES JD<\/strong><\/h5>\n\n\n\n<h5 class=\"wp-block-heading has-text-align-center has-ast-global-color-5-color has-text-color\" id=\"single\" style=\"margin-top:0px;margin-right:0px;margin-bottom:0px;margin-left:0px\">CR5 A2P SELON LA <br>EN 1627 &amp; 1630<\/h5>\n\n\n\n<h6 class=\"wp-block-heading has-text-align-center has-ast-global-color-5-color has-text-color\" id=\"single\" style=\"padding-top:0px;padding-right:0px;padding-bottom:0px;padding-left:0px;font-size:15px\"><em>M\u00c9CANIQUES<\/em><\/h6>\n\n\n\n<hr class=\"wp-block-separator has-text-color has-ast-global-color-5-color has-alpha-channel-opacity has-ast-global-color-5-background-color has-background is-style-wide\"\/>\n\n\n\n\n\n<div class=\"wp-block-buttons alignfull is-horizontal is-content-justification-center is-layout-flex wp-container-core-buttons-is-layout-03627597 wp-block-buttons-is-layout-flex\">\n<div class=\"wp-block-button has-custom-width wp-block-button__width-75\"><a class=\"wp-block-button__link has-ast-global-color-2-color has-ast-global-color-5-background-color has-text-color has-background wp-element-button\">Voir la fiche produit<\/a><\/div>\n<\/div>\n<\/div>\n\n\n\n<div class=\"wp-block-column is-vertically-aligned-center has-ast-global-color-5-color has-ast-global-color-0-background-color has-text-color has-background has-link-color wp-elements-3a61038ff5c8387db869c35c76226450 is-layout-flow wp-block-column-is-layout-flow\" style=\"padding-top:2em;padding-right:2em;padding-bottom:2em;padding-left:2em\">\n<h5 class=\"wp-block-heading has-text-align-center has-ast-global-color-5-color has-text-color\" id=\"single\" style=\"margin-top:8px;margin-right:8px;margin-bottom:8px;margin-left:8px\"><strong><strong><strong><strong><strong>PORTES BLIND\u00c9ES JD<\/strong><\/strong><\/strong><\/strong><\/strong><\/h5>\n\n\n\n<h5 class=\"wp-block-heading has-text-align-center has-ast-global-color-5-color has-text-color\" id=\"single\" style=\"margin-top:0px;margin-right:0px;margin-bottom:0px;margin-left:0px;padding-top:0px;padding-right:0px;padding-bottom:0px;padding-left:0px\">CR5 A2P SELON LA <br>EN 1627 &amp; 1630<\/h5>\n\n\n\n<h6 class=\"wp-block-heading has-text-align-center has-ast-global-color-5-color has-text-color\" id=\"single\" style=\"padding-top:0px;padding-right:0px;padding-bottom:0px;padding-left:0px;font-size:15px\"><em><em>MOTORIS\u00c9ES<\/em><\/em><\/h6>\n\n\n\n<hr class=\"wp-block-separator has-text-color has-ast-global-color-5-color has-alpha-channel-opacity has-ast-global-color-5-background-color has-background is-style-wide\"\/>\n\n\n\n\n\n<div class=\"wp-block-buttons alignfull is-horizontal is-content-justification-center is-layout-flex wp-container-core-buttons-is-layout-03627597 wp-block-buttons-is-layout-flex\">\n<div class=\"wp-block-button has-custom-width wp-block-button__width-75\"><a class=\"wp-block-button__link has-ast-global-color-2-color has-ast-global-color-5-background-color has-text-color has-background wp-element-button\">Voir la fiche produit<\/a><\/div>\n<\/div>\n<\/div>\n<\/div>\n\n\n\n<div style=\"height:100px\" aria-hidden=\"true\" class=\"wp-block-spacer\"><\/div>\n\n\n\n<hr class=\"wp-block-separator has-text-color has-ast-global-color-1-color has-alpha-channel-opacity has-ast-global-color-1-background-color has-background is-style-wide\"\/>\n\n\n\n<div class=\"inherit-container-width wp-block-group alignwide has-text-color has-background is-layout-constrained wp-block-group-is-layout-constrained\" style=\"color:#000000;background-color:#ffffff\">\n<div class=\"inherit-container-width wp-block-group alignfull has-text-color has-background is-layout-constrained wp-block-group-is-layout-constrained\" style=\"color:#000000;background-color:#ffffff\">\n<p class=\"has-text-align-center\" style=\"font-size:16px;line-height:.9\"><strong><em>VOTRE SATISFACTION EST NOTRE PRIORIT\u00c9<\/em><\/strong><\/p>\n\n\n\n<div style=\"height:10px\" aria-hidden=\"true\" class=\"wp-block-spacer\"><\/div>\n\n\n\n<h3 class=\"wp-block-heading has-text-align-center\" id=\"schedule-a-visit\" style=\"font-size:48px;line-height:1.15\">BESOIN D&rsquo;un DEVIS sur mesure ?<\/h3>\n\n\n\n<div style=\"height:10px\" aria-hidden=\"true\" class=\"wp-block-spacer\"><\/div>\n\n\n\n<div class=\"wp-block-buttons is-horizontal is-content-justification-center is-layout-flex wp-container-core-buttons-is-layout-03627597 wp-block-buttons-is-layout-flex\">\n<div class=\"wp-block-button has-custom-width wp-block-button__width-25 is-style-fill\"><a class=\"wp-block-button__link has-text-color has-background wp-element-button\" href=\"https:\/\/coffre-fort-forestier.com\/index.php\/nous-contacter\/\" style=\"border-radius:0px;color:#ffffff;background-color:#000000\" target=\"_blank\" rel=\"noreferrer noopener\">Contactez-nous<\/a><\/div>\n<\/div>\n<\/div>\n<\/div>\n\n\n\n<hr class=\"wp-block-separator has-text-color has-ast-global-color-1-color has-alpha-channel-opacity has-ast-global-color-1-background-color has-background is-style-wide\"\/>\n","protected":false},"excerpt":{"rendered":"<p>POUR banques, LES COMMERCES, les particuliers, etc. PORTEs jd light en 2 mm &#8211; technique cr3 PORTEs de cave PORTE blind\u00e9es jd en 3 mm POUR les banques, LES gendarmeries, les data center et l&rsquo;arm\u00e9e. PORTES BLIND\u00c9ES JD CR4 A2P SELON LA EN 1627 &amp; 1630 M\u00c9CANIQUES PORTES BLIND\u00c9ES JD CR4 A2P SELON LA EN &hellip;<\/p>\n<p class=\"read-more\"> <a class=\"\" href=\"https:\/\/coffre-fort-forestier.com\/index.php\/nos-produits-2\/nos-portes-blindees\/portes-metalliques-blindees-anti-effraction\/\"> <span class=\"screen-reader-text\">Portes blind\u00e9es anti-effraction<\/span> Lire la suite\u00a0\u00bb<\/a><\/p>\n","protected":false},"author":1,"featured_media":0,"parent":296,"menu_order":0,"comment_status":"closed","ping_status":"closed","template":"","meta":{"site-sidebar-layout":"default","site-content-layout":"","ast-site-content-layout":"","site-content-style":"default","site-sidebar-style":"default","ast-global-header-display":"","ast-banner-title-visibility":"","ast-main-header-display":"","ast-hfb-above-header-display":"","ast-hfb-below-header-display":"","ast-hfb-mobile-header-display":"","site-post-title":"","ast-breadcrumbs-content":"","ast-featured-img":"","footer-sml-layout":"","theme-transparent-header-meta":"","adv-header-id-meta":"","stick-header-meta":"","header-above-stick-meta":"","header-main-stick-meta":"","header-below-stick-meta":"","astra-migrate-meta-layouts":"","ast-page-background-enabled":"default","ast-page-background-meta":{"desktop":{"background-color":"var(--ast-global-color-4)","background-image":"","background-repeat":"repeat","background-position":"center center","background-size":"auto","background-attachment":"scroll","background-type":"","background-media":"","overlay-type":"","overlay-color":"","overlay-gradient":""},"tablet":{"background-color":"","background-image":"","background-repeat":"repeat","background-position":"center center","background-size":"auto","background-attachment":"scroll","background-type":"","background-media":"","overlay-type":"","overlay-color":"","overlay-gradient":""},"mobile":{"background-color":"","background-image":"","background-repeat":"repeat","background-position":"center center","background-size":"auto","background-attachment":"scroll","background-type":"","background-media":"","overlay-type":"","overlay-color":"","overlay-gradient":""}},"ast-content-background-meta":{"desktop":{"background-color":"var(--ast-global-color-5)","background-image":"","background-repeat":"repeat","background-position":"center center","background-size":"auto","background-attachment":"scroll","background-type":"","background-media":"","overlay-type":"","overlay-color":"","overlay-gradient":""},"tablet":{"background-color":"var(--ast-global-color-5)","background-image":"","background-repeat":"repeat","background-position":"center center","background-size":"auto","background-attachment":"scroll","background-type":"","background-media":"","overlay-type":"","overlay-color":"","overlay-gradient":""},"mobile":{"background-color":"var(--ast-global-color-5)","background-image":"","background-repeat":"repeat","background-position":"center center","background-size":"auto","background-attachment":"scroll","background-type":"","background-media":"","overlay-type":"","overlay-color":"","overlay-gradient":""}},"footnotes":""},"class_list":["post-301","page","type-page","status-publish","hentry"],"_links":{"self":[{"href":"https:\/\/coffre-fort-forestier.com\/index.php\/wp-json\/wp\/v2\/pages\/301","targetHints":{"allow":["GET"]}}],"collection":[{"href":"https:\/\/coffre-fort-forestier.com\/index.php\/wp-json\/wp\/v2\/pages"}],"about":[{"href":"https:\/\/coffre-fort-forestier.com\/index.php\/wp-json\/wp\/v2\/types\/page"}],"author":[{"embeddable":true,"href":"https:\/\/coffre-fort-forestier.com\/index.php\/wp-json\/wp\/v2\/users\/1"}],"replies":[{"embeddable":true,"href":"https:\/\/coffre-fort-forestier.com\/index.php\/wp-json\/wp\/v2\/comments?post=301"}],"version-history":[{"count":14,"href":"https:\/\/coffre-fort-forestier.com\/index.php\/wp-json\/wp\/v2\/pages\/301\/revisions"}],"predecessor-version":[{"id":810,"href":"https:\/\/coffre-fort-forestier.com\/index.php\/wp-json\/wp\/v2\/pages\/301\/revisions\/810"}],"up":[{"embeddable":true,"href":"https:\/\/coffre-fort-forestier.com\/index.php\/wp-json\/wp\/v2\/pages\/296"}],"wp:attachment":[{"href":"https:\/\/coffre-fort-forestier.com\/index.php\/wp-json\/wp\/v2\/media?parent=301"}],"curies":[{"name":"wp","href":"https:\/\/api.w.org\/{rel}","templated":true}]}}